{"id":3939,"date":"2023-02-08T10:41:21","date_gmt":"2023-02-08T09:41:21","guid":{"rendered":"https:\/\/gcuzhethz.ch\/?page_id=3939"},"modified":"2023-02-09T11:39:04","modified_gmt":"2023-02-09T10:39:04","slug":"neuigkeiten","status":"publish","type":"page","link":"https:\/\/gcuzhethz.ch\/en\/neuigkeiten\/","title":{"rendered":"News"},"content":{"rendered":"<ul class=\"display-posts-listing\"><li class=\"listing-item\"><a class=\"title\" href=\"https:\/\/gcuzhethz.ch\/en\/generalversammlung-2025-neuer-vorstand-und-statutenaenderungen\/\">General Assembly 2025 - New Board members and change of our statutes<\/a> <span class=\"date\">- November 2025<\/span> <span class=\"excerpt-dash\">-<\/span> <span class=\"excerpt\">This year's general assembly took place on November 8th at the Restaurant The Grain in Zurich.  Beforehand, some of the participants played Blacklight-Minigolf in Winterhur... <a href=\"https:\/\/gcuzhethz.ch\/en\/generalversammlung-2025-neuer-vorstand-und-statutenaenderungen\/\" class=\"more-link\">Continue reading<span class=\"screen-reader-text\"> \"Generalversammlung 2025 &#8211; neuer Vorstand und Statuten\u00e4nderungen\"<\/span><\/a><\/span><\/li><li class=\"listing-item\"><a class=\"title\" href=\"https:\/\/gcuzhethz.ch\/en\/ryder-cup-2025-erneute-titelverteidigung\/\">Ryder Cup 2025 \u2013 Defending the title once again<\/a> <span class=\"date\">- October 2025<\/span> <span class=\"excerpt-dash\">-<\/span> <span class=\"excerpt\">At this year's Ryder Cup against HSG, we defended our title for the second year in a row! On the beautiful golf course at the Schloss Langenstein Country Club, we took a 7:1 lead ... <a href=\"https:\/\/gcuzhethz.ch\/en\/ryder-cup-2025-erneute-titelverteidigung\/\" class=\"more-link\">Continue reading<span class=\"screen-reader-text\"> \"Ryder Cup 2025 &#8211; Erneute Titelverteidigung\"<\/span><\/a><\/span><\/li><li class=\"listing-item\"><a class=\"title\" href=\"https:\/\/gcuzhethz.ch\/en\/ozapft-is-season-end-2025\/\">O&#8217;zapft is! Season End 2025<\/a> <span class=\"date\">- October 2025<\/span> <span class=\"excerpt-dash\">-<\/span> <span class=\"excerpt\">This year, we were able to hold a wonderful season-end scramble in Oktoberfest style! Despite the rain, we had a wonderful round and lots of fun at the Golf club Limpachtal. We would like to express our sincere thanks to ... <a href=\"https:\/\/gcuzhethz.ch\/en\/ozapft-is-season-end-2025\/\" class=\"more-link\">Continue reading<span class=\"screen-reader-text\"> \"O&#8217;zapft is! Season End 2025\"<\/span><\/a><\/span><\/li><li class=\"listing-item\"><a class=\"title\" href=\"https:\/\/gcuzhethz.ch\/en\/golfreise-2025-kitzbuehel\/\">Golf trip 2025 - Kitzb\u00fchel<\/a> <span class=\"date\">- September 2025<\/span> <span class=\"excerpt-dash\">-<\/span> <span class=\"excerpt\">This year, our golf trip took us to the Alpine country of Austria. With a group of 20 people, we played at the Innsbruck-Igls, Kitzb\u00fchel Schwarzsee-Reith and Eichenheim golf courses. With many ... <a href=\"https:\/\/gcuzhethz.ch\/en\/golfreise-2025-kitzbuehel\/\" class=\"more-link\">Continue reading<span class=\"screen-reader-text\"> \"Golfreise 2025 &#8211; Kitzb\u00fchel\"<\/span><\/a><\/span><\/li><li class=\"listing-item\"><a class=\"title\" href=\"https:\/\/gcuzhethz.ch\/en\/lz-cup-2025-wiedereroberung\/\">LZ Cup 2025 \u2013 Recapture<\/a> <span class=\"date\">- May 2025<\/span> <span class=\"excerpt-dash\">-<\/span> <span class=\"excerpt\">At the 2025 LZ Cup against EHL, EPFL and the University of Lausanne, our team was able to reclaim the trophy this year on the beautiful Steisslingen golf course! We thank the opposing Teams ... <a href=\"https:\/\/gcuzhethz.ch\/en\/lz-cup-2025-wiedereroberung\/\" class=\"more-link\">Continue reading<span class=\"screen-reader-text\"> \"LZ Cup 2025 &#8211; Wiedereroberung\"<\/span><\/a><\/span><\/li><li class=\"listing-item\"><a class=\"title\" href=\"https:\/\/gcuzhethz.ch\/en\/season-opening-2025\/\">Season Opening 2025<\/a> <span class=\"date\">- April 2025<\/span> <span class=\"excerpt-dash\">-<\/span> <span class=\"excerpt\">We were able to kick off the season with our Season Opening Tournament at Golfpark Otelfingen in glorious sunshine! 28 players enjoyed the fantastic weather and competed for the prizes! ... <a href=\"https:\/\/gcuzhethz.ch\/en\/season-opening-2025\/\" class=\"more-link\">Continue reading<span class=\"screen-reader-text\"> \"Season Opening 2025\"<\/span><\/a><\/span><\/li><li class=\"listing-item\"><a class=\"title\" href=\"https:\/\/gcuzhethz.ch\/en\/ryder-cup-2024-titelverteidigung-gelungen\/\">Ryder Cup 2024: successful title defence<\/a> <span class=\"date\">- October 2024<\/span> <span class=\"excerpt-dash\">-<\/span> <span class=\"excerpt\">At this year's Ryder Cup against HSG, we successfully defended our title from last year! After a 6:2 lead after the mixed weather on Saturday, we ... <a href=\"https:\/\/gcuzhethz.ch\/en\/ryder-cup-2024-titelverteidigung-gelungen\/\" class=\"more-link\">Continue reading<span class=\"screen-reader-text\"> \"Ryder Cup 2024: Titelverteidigung gelungen\"<\/span><\/a><\/span><\/li><li class=\"listing-item\"><a class=\"title\" href=\"https:\/\/gcuzhethz.ch\/en\/after-study-cups-2024\/\">After Study Cups 2024<\/a> <span class=\"date\">- August 2024<\/span> <span class=\"excerpt-dash\">-<\/span> <span class=\"excerpt\">\u00dcber die letzten drei Monate fanden wieder unsere monatlichen After Study Cups statt. Im Juni, Juli und August spielten die Teilnehmer jeweils nach dem Lernalltag den 6 Loch Champion Course &hellip; <a href=\"https:\/\/gcuzhethz.ch\/en\/after-study-cups-2024\/\" class=\"more-link\">Continue reading<span class=\"screen-reader-text\"> \"After Study Cups 2024\"<\/span><\/a><\/span><\/li><li class=\"listing-item\"><a class=\"title\" href=\"https:\/\/gcuzhethz.ch\/en\/summer-cup-2024-drittes-handicaprelevantes-turnier\/\">Summer Cup 2024: third handicap-relevant tournament<\/a> <span class=\"date\">- July 2024<\/span> <span class=\"excerpt-dash\">-<\/span> <span class=\"excerpt\">After our season opening unfortunately had to be cancelled again this April due to heavy rain, we are delighted that we have now been able to hold the second Summer Cup in cooperation with Migros Golfcard! ... <a href=\"https:\/\/gcuzhethz.ch\/en\/summer-cup-2024-drittes-handicaprelevantes-turnier\/\" class=\"more-link\">Continue reading<span class=\"screen-reader-text\"> \"Summer Cup 2024: Drittes Handicaprelevantes Turnier\"<\/span><\/a><\/span><\/li><li class=\"listing-item\"><a class=\"title\" href=\"https:\/\/gcuzhethz.ch\/en\/mitgliedsverein-des-asvz-definitive-aufnahme\/\">Member club of ASVZ - Definitive admission<\/a> <span class=\"date\">- May 2024<\/span> <span class=\"excerpt-dash\">-<\/span> <span class=\"excerpt\">We are very pleased to announce that we were definitely accepted as a member club at the ASVZ general assembly last Thursday! Over the last three years we have already been working as a provisional member club ... <a href=\"https:\/\/gcuzhethz.ch\/en\/mitgliedsverein-des-asvz-definitive-aufnahme\/\" class=\"more-link\">Continue reading<span class=\"screen-reader-text\"> \"Mitgliedsverein des ASVZ &#8211; Definitive Aufnahme\"<\/span><\/a><\/span><\/li><\/ul>","protected":false},"excerpt":{"rendered":"","protected":false},"author":1,"featured_media":0,"parent":0,"menu_order":0,"comment_status":"closed","ping_status":"closed","template":"","meta":{"footnotes":""},"class_list":["post-3939","page","type-page","status-publish","hentry"],"yoast_head":"<!-- This site is optimized with the Yoast SEO plugin v26.4 - https:\/\/yoast.com\/wordpress\/plugins\/seo\/ -->\n<title>Neuigkeiten - Golfclub UZH &amp; ETHZ<\/title>\n<meta name=\"robots\" content=\"index, follow, max-snippet:-1, max-image-preview:large, max-video-preview:-1\" \/>\n<link rel=\"canonical\" href=\"https:\/\/gcuzhethz.ch\/en\/neuigkeiten\/\" \/>\n<meta property=\"og:locale\" content=\"en_GB\" \/>\n<meta property=\"og:type\" content=\"article\" \/>\n<meta property=\"og:title\" content=\"Neuigkeiten - Golfclub UZH &amp; ETHZ\" \/>\n<meta property=\"og:url\" content=\"https:\/\/gcuzhethz.ch\/en\/neuigkeiten\/\" \/>\n<meta property=\"og:site_name\" content=\"Golfclub UZH &amp; ETHZ\" \/>\n<meta property=\"article:publisher\" content=\"https:\/\/www.facebook.com\/groups\/22892818878\/\" \/>\n<meta property=\"article:modified_time\" content=\"2023-02-09T10:39:04+00:00\" \/>\n<meta property=\"og:image\" content=\"https:\/\/gcuzhethz.ch\/wp-content\/uploads\/Logo_1200x675.png\" \/>\n\t<meta property=\"og:image:width\" content=\"1200\" \/>\n\t<meta property=\"og:image:height\" content=\"675\" \/>\n\t<meta property=\"og:image:type\" content=\"image\/png\" \/>\n<meta name=\"twitter:card\" content=\"summary_large_image\" \/>\n<meta name=\"twitter:label1\" content=\"Estimated reading time\" \/>\n\t<meta name=\"twitter:data1\" content=\"1 minute\" \/>\n<script type=\"application\/ld+json\" class=\"yoast-schema-graph\">{\"@context\":\"https:\/\/schema.org\",\"@graph\":[{\"@type\":\"WebPage\",\"@id\":\"https:\/\/gcuzhethz.ch\/neuigkeiten\/\",\"url\":\"https:\/\/gcuzhethz.ch\/neuigkeiten\/\",\"name\":\"Neuigkeiten - Golfclub UZH &amp; ETHZ\",\"isPartOf\":{\"@id\":\"https:\/\/gcuzhethz.ch\/#website\"},\"datePublished\":\"2023-02-08T09:41:21+00:00\",\"dateModified\":\"2023-02-09T10:39:04+00:00\",\"breadcrumb\":{\"@id\":\"https:\/\/gcuzhethz.ch\/neuigkeiten\/#breadcrumb\"},\"inLanguage\":\"en-GB\",\"potentialAction\":[{\"@type\":\"ReadAction\",\"target\":[\"https:\/\/gcuzhethz.ch\/neuigkeiten\/\"]}]},{\"@type\":\"BreadcrumbList\",\"@id\":\"https:\/\/gcuzhethz.ch\/neuigkeiten\/#breadcrumb\",\"itemListElement\":[{\"@type\":\"ListItem\",\"position\":1,\"name\":\"Startseite\",\"item\":\"https:\/\/gcuzhethz.ch\/\"},{\"@type\":\"ListItem\",\"position\":2,\"name\":\"Neuigkeiten\"}]},{\"@type\":\"WebSite\",\"@id\":\"https:\/\/gcuzhethz.ch\/#website\",\"url\":\"https:\/\/gcuzhethz.ch\/\",\"name\":\"Golfclub UZH &amp; ETHZ\",\"description\":\"Golfclub der Universit\u00e4t Z\u00fcrich und ETH Z\u00fcrich\",\"publisher\":{\"@id\":\"https:\/\/gcuzhethz.ch\/#organization\"},\"alternateName\":\"Golfclub UZH und ETHZ\",\"potentialAction\":[{\"@type\":\"SearchAction\",\"target\":{\"@type\":\"EntryPoint\",\"urlTemplate\":\"https:\/\/gcuzhethz.ch\/?s={search_term_string}\"},\"query-input\":{\"@type\":\"PropertyValueSpecification\",\"valueRequired\":true,\"valueName\":\"search_term_string\"}}],\"inLanguage\":\"en-GB\"},{\"@type\":\"Organization\",\"@id\":\"https:\/\/gcuzhethz.ch\/#organization\",\"name\":\"Golfclub UZH &amp; ETHZ\",\"alternateName\":\"Golfclub UZH und ETHZ\",\"url\":\"https:\/\/gcuzhethz.ch\/\",\"logo\":{\"@type\":\"ImageObject\",\"inLanguage\":\"en-GB\",\"@id\":\"https:\/\/gcuzhethz.ch\/#\/schema\/logo\/image\/\",\"url\":\"https:\/\/gcuzhethz.ch\/wp-content\/uploads\/cropped-Logo_header-2.png\",\"contentUrl\":\"https:\/\/gcuzhethz.ch\/wp-content\/uploads\/cropped-Logo_header-2.png\",\"width\":240,\"height\":96,\"caption\":\"Golfclub UZH &amp; ETHZ\"},\"image\":{\"@id\":\"https:\/\/gcuzhethz.ch\/#\/schema\/logo\/image\/\"},\"sameAs\":[\"https:\/\/www.facebook.com\/groups\/22892818878\/\",\"https:\/\/www.instagram.com\/golfclubuzhethz\/\"]}]}<\/script>\n<!-- \/ Yoast SEO plugin. -->","yoast_head_json":{"title":"Neuigkeiten - Golfclub UZH &amp; ETHZ","robots":{"index":"index","follow":"follow","max-snippet":"max-snippet:-1","max-image-preview":"max-image-preview:large","max-video-preview":"max-video-preview:-1"},"canonical":"https:\/\/gcuzhethz.ch\/en\/neuigkeiten\/","og_locale":"en_GB","og_type":"article","og_title":"Neuigkeiten - Golfclub UZH &amp; ETHZ","og_url":"https:\/\/gcuzhethz.ch\/en\/neuigkeiten\/","og_site_name":"Golfclub UZH &amp; ETHZ","article_publisher":"https:\/\/www.facebook.com\/groups\/22892818878\/","article_modified_time":"2023-02-09T10:39:04+00:00","og_image":[{"width":1200,"height":675,"url":"https:\/\/gcuzhethz.ch\/wp-content\/uploads\/Logo_1200x675.png","type":"image\/png"}],"twitter_card":"summary_large_image","twitter_misc":{"Estimated reading time":"1 minute"},"schema":{"@context":"https:\/\/schema.org","@graph":[{"@type":"WebPage","@id":"https:\/\/gcuzhethz.ch\/neuigkeiten\/","url":"https:\/\/gcuzhethz.ch\/neuigkeiten\/","name":"Neuigkeiten - Golfclub UZH &amp; ETHZ","isPartOf":{"@id":"https:\/\/gcuzhethz.ch\/#website"},"datePublished":"2023-02-08T09:41:21+00:00","dateModified":"2023-02-09T10:39:04+00:00","breadcrumb":{"@id":"https:\/\/gcuzhethz.ch\/neuigkeiten\/#breadcrumb"},"inLanguage":"en-GB","potentialAction":[{"@type":"ReadAction","target":["https:\/\/gcuzhethz.ch\/neuigkeiten\/"]}]},{"@type":"BreadcrumbList","@id":"https:\/\/gcuzhethz.ch\/neuigkeiten\/#breadcrumb","itemListElement":[{"@type":"ListItem","position":1,"name":"Startseite","item":"https:\/\/gcuzhethz.ch\/"},{"@type":"ListItem","position":2,"name":"Neuigkeiten"}]},{"@type":"WebSite","@id":"https:\/\/gcuzhethz.ch\/#website","url":"https:\/\/gcuzhethz.ch\/","name":"Golfclub UZH &amp; ETHZ","description":"Golfclub der Universit\u00e4t Z\u00fcrich und ETH Z\u00fcrich","publisher":{"@id":"https:\/\/gcuzhethz.ch\/#organization"},"alternateName":"Golfclub UZH und ETHZ","potentialAction":[{"@type":"SearchAction","target":{"@type":"EntryPoint","urlTemplate":"https:\/\/gcuzhethz.ch\/?s={search_term_string}"},"query-input":{"@type":"PropertyValueSpecification","valueRequired":true,"valueName":"search_term_string"}}],"inLanguage":"en-GB"},{"@type":"Organization","@id":"https:\/\/gcuzhethz.ch\/#organization","name":"Golfclub UZH &amp; ETHZ","alternateName":"Golfclub UZH und ETHZ","url":"https:\/\/gcuzhethz.ch\/","logo":{"@type":"ImageObject","inLanguage":"en-GB","@id":"https:\/\/gcuzhethz.ch\/#\/schema\/logo\/image\/","url":"https:\/\/gcuzhethz.ch\/wp-content\/uploads\/cropped-Logo_header-2.png","contentUrl":"https:\/\/gcuzhethz.ch\/wp-content\/uploads\/cropped-Logo_header-2.png","width":240,"height":96,"caption":"Golfclub UZH &amp; ETHZ"},"image":{"@id":"https:\/\/gcuzhethz.ch\/#\/schema\/logo\/image\/"},"sameAs":["https:\/\/www.facebook.com\/groups\/22892818878\/","https:\/\/www.instagram.com\/golfclubuzhethz\/"]}]}},"_links":{"self":[{"href":"https:\/\/gcuzhethz.ch\/en\/wp-json\/wp\/v2\/pages\/3939","targetHints":{"allow":["GET"]}}],"collection":[{"href":"https:\/\/gcuzhethz.ch\/en\/wp-json\/wp\/v2\/pages"}],"about":[{"href":"https:\/\/gcuzhethz.ch\/en\/wp-json\/wp\/v2\/types\/page"}],"author":[{"embeddable":true,"href":"https:\/\/gcuzhethz.ch\/en\/wp-json\/wp\/v2\/users\/1"}],"replies":[{"embeddable":true,"href":"https:\/\/gcuzhethz.ch\/en\/wp-json\/wp\/v2\/comments?post=3939"}],"version-history":[{"count":8,"href":"https:\/\/gcuzhethz.ch\/en\/wp-json\/wp\/v2\/pages\/3939\/revisions"}],"predecessor-version":[{"id":3948,"href":"https:\/\/gcuzhethz.ch\/en\/wp-json\/wp\/v2\/pages\/3939\/revisions\/3948"}],"wp:attachment":[{"href":"https:\/\/gcuzhethz.ch\/en\/wp-json\/wp\/v2\/media?parent=3939"}],"curies":[{"name":"wp","href":"https:\/\/api.w.org\/{rel}","templated":true}]}}