{"id":3927,"date":"2023-02-07T15:29:31","date_gmt":"2023-02-07T14:29:31","guid":{"rendered":"https:\/\/gcuzhethz.ch\/?page_id=3927"},"modified":"2025-10-20T14:44:15","modified_gmt":"2025-10-20T12:44:15","slug":"tournament-winners","status":"publish","type":"page","link":"https:\/\/gcuzhethz.ch\/en\/tournament-winners\/","title":{"rendered":"Tournament Winners"},"content":{"rendered":"<h3 class=\"wp-block-heading\">Ryder Cup<\/h3>\n\n\n\n<p>Gesamtbilanz: Z\u00fcrich 9 &#8211; 4 St. Gallen<\/p>\n\n\n\n<figure class=\"wp-block-table is-style-stripes\"><table><tbody><tr><td><strong>Jahr<\/strong><\/td><td><strong>Austragungsort<\/strong><\/td><td><strong>Siegerteam<\/strong><\/td><\/tr><tr><td>2025<\/td><td>Schloss Langenstein<\/td><td>Z\u00fcrich<\/td><\/tr><tr><td>2024<\/td><td>GC Owingen-\u00dcberlingen<\/td><td>Z\u00fcrich<\/td><\/tr><tr><td>2023<\/td><td>Schloss Langenstein &amp; GC Stei\u00dflingen<\/td><td>Z\u00fcrich<\/td><\/tr><tr><td>2022<\/td><td>GC Konstanz<\/td><td>St. Gallen<\/td><\/tr><tr><td>2021<\/td><td>Schloss Langenstein<\/td><td>Z\u00fcrich<\/td><\/tr><tr><td>2020<\/td><td>Schloss Langenstein<\/td><td>Z\u00fcrich<\/td><\/tr><tr><td>2019<\/td><td>GC Owingen-\u00dcberlingen<\/td><td>Z\u00fcrich<\/td><\/tr><tr><td>2018<\/td><td>GC Stei\u00dflingen<\/td><td>Z\u00fcrich<\/td><\/tr><tr><td>2017<\/td><td>GC Konstanz<\/td><td>St. Gallen<\/td><\/tr><tr><td>2016<\/td><td>Schloss Langenstein<\/td><td>St. Gallen<\/td><\/tr><tr><td>2015<\/td><td><\/td><td>Z\u00fcrich<\/td><\/tr><tr><td>2014<\/td><td>GC \u00d6schberghof<\/td><td>St. Gallen<\/td><\/tr><tr><td>2013<\/td><td><\/td><td>Tied<\/td><\/tr><tr><td>2012<\/td><td><\/td><td>Z\u00fcrich<\/td><\/tr><\/tbody><\/table><\/figure>\n\n\n\n<h3 class=\"wp-block-heading\">LZ Cup<\/h3>\n\n\n\n<figure class=\"wp-block-table is-style-stripes\"><table><tbody><tr><td><strong>Jahr<\/strong><\/td><td><strong>Austragungsort<\/strong><\/td><td><strong>Platzierungen<\/strong><\/td><\/tr><tr><td>2025<\/td><td>GC Steisslingen<\/td><td>1. UZH &amp; ETHZ, 2. EPFL &amp; UniL, 3. EHL<\/td><\/tr><tr><td>2024<\/td><td>Golf du Val de Sorne<\/td><td>1. EHL, 2. UZH &amp; ETHZ, 3. EPFL &amp; UniL<\/td><\/tr><tr><td>2023<\/td><td>GC Owingen-\u00dcberlingen<\/td><td>1. ETHZ, 2. EHL, 3. UZH, EPFL &amp; UniL<\/td><\/tr><tr><td>2022<\/td><td>Signal de Bougy<\/td><td>1. EHL, 2. UZH, 3. ETHZ, 4. EPFL &amp; UniL<\/td><\/tr><\/tbody><\/table><\/figure>","protected":false},"excerpt":{"rendered":"<p>Ryder Cup Gesamtbilanz: Z\u00fcrich 9 &#8211; 4 St. Gallen Jahr Austragungsort Siegerteam 2025 Schloss Langenstein Z\u00fcrich 2024 GC Owingen-\u00dcberlingen Z\u00fcrich 2023 Schloss Langenstein &amp; GC Stei\u00dflingen Z\u00fcrich 2022 GC Konstanz &hellip; <a href=\"https:\/\/gcuzhethz.ch\/en\/tournament-winners\/\" class=\"more-link\">Continue reading<span class=\"screen-reader-text\"> &#8222;Tournament Winners&#8220;<\/span><\/a><\/p>","protected":false},"author":1,"featured_media":0,"parent":0,"menu_order":0,"comment_status":"closed","ping_status":"closed","template":"","meta":{"footnotes":""},"class_list":["post-3927","page","type-page","status-publish","hentry"],"yoast_head":"<!-- This site is optimized with the Yoast SEO plugin v26.4 - https:\/\/yoast.com\/wordpress\/plugins\/seo\/ -->\n<title>Tournament Winners - Golfclub UZH &amp; ETHZ<\/title>\n<meta name=\"description\" content=\"Turniersieger der Turniere zwischen dem Golfclub UZH &amp; ETHZ und den Golfclub weiterer Schweizer Universit\u00e4ten.\" \/>\n<meta name=\"robots\" content=\"index, follow, max-snippet:-1, max-image-preview:large, max-video-preview:-1\" \/>\n<link rel=\"canonical\" href=\"https:\/\/gcuzhethz.ch\/en\/tournament-winners\/\" \/>\n<meta property=\"og:locale\" content=\"en_GB\" \/>\n<meta property=\"og:type\" content=\"article\" \/>\n<meta property=\"og:title\" content=\"Tournament Winners - Golfclub UZH &amp; ETHZ\" \/>\n<meta property=\"og:description\" content=\"Turniersieger der Turniere zwischen dem Golfclub UZH &amp; ETHZ und den Golfclub weiterer Schweizer Universit\u00e4ten.\" \/>\n<meta property=\"og:url\" content=\"https:\/\/gcuzhethz.ch\/en\/tournament-winners\/\" \/>\n<meta property=\"og:site_name\" content=\"Golfclub UZH &amp; ETHZ\" \/>\n<meta property=\"article:publisher\" content=\"https:\/\/www.facebook.com\/groups\/22892818878\/\" \/>\n<meta property=\"article:modified_time\" content=\"2025-10-20T12:44:15+00:00\" \/>\n<meta property=\"og:image\" content=\"https:\/\/gcuzhethz.ch\/wp-content\/uploads\/Logo_1200x675.png\" \/>\n\t<meta property=\"og:image:width\" content=\"1200\" \/>\n\t<meta property=\"og:image:height\" content=\"675\" \/>\n\t<meta property=\"og:image:type\" content=\"image\/png\" \/>\n<meta name=\"twitter:card\" content=\"summary_large_image\" \/>\n<script type=\"application\/ld+json\" class=\"yoast-schema-graph\">{\"@context\":\"https:\/\/schema.org\",\"@graph\":[{\"@type\":\"WebPage\",\"@id\":\"https:\/\/gcuzhethz.ch\/tournament-winners\/\",\"url\":\"https:\/\/gcuzhethz.ch\/tournament-winners\/\",\"name\":\"Tournament Winners - Golfclub UZH &amp; ETHZ\",\"isPartOf\":{\"@id\":\"https:\/\/gcuzhethz.ch\/#website\"},\"datePublished\":\"2023-02-07T14:29:31+00:00\",\"dateModified\":\"2025-10-20T12:44:15+00:00\",\"description\":\"Turniersieger der Turniere zwischen dem Golfclub UZH & ETHZ und den Golfclub weiterer Schweizer Universit\u00e4ten.\",\"breadcrumb\":{\"@id\":\"https:\/\/gcuzhethz.ch\/tournament-winners\/#breadcrumb\"},\"inLanguage\":\"en-GB\",\"potentialAction\":[{\"@type\":\"ReadAction\",\"target\":[\"https:\/\/gcuzhethz.ch\/tournament-winners\/\"]}]},{\"@type\":\"BreadcrumbList\",\"@id\":\"https:\/\/gcuzhethz.ch\/tournament-winners\/#breadcrumb\",\"itemListElement\":[{\"@type\":\"ListItem\",\"position\":1,\"name\":\"Startseite\",\"item\":\"https:\/\/gcuzhethz.ch\/\"},{\"@type\":\"ListItem\",\"position\":2,\"name\":\"Tournament Winners\"}]},{\"@type\":\"WebSite\",\"@id\":\"https:\/\/gcuzhethz.ch\/#website\",\"url\":\"https:\/\/gcuzhethz.ch\/\",\"name\":\"Golfclub UZH &amp; ETHZ\",\"description\":\"Golfclub der Universit\u00e4t Z\u00fcrich und ETH Z\u00fcrich\",\"publisher\":{\"@id\":\"https:\/\/gcuzhethz.ch\/#organization\"},\"alternateName\":\"Golfclub UZH und ETHZ\",\"potentialAction\":[{\"@type\":\"SearchAction\",\"target\":{\"@type\":\"EntryPoint\",\"urlTemplate\":\"https:\/\/gcuzhethz.ch\/?s={search_term_string}\"},\"query-input\":{\"@type\":\"PropertyValueSpecification\",\"valueRequired\":true,\"valueName\":\"search_term_string\"}}],\"inLanguage\":\"en-GB\"},{\"@type\":\"Organization\",\"@id\":\"https:\/\/gcuzhethz.ch\/#organization\",\"name\":\"Golfclub UZH &amp; ETHZ\",\"alternateName\":\"Golfclub UZH und ETHZ\",\"url\":\"https:\/\/gcuzhethz.ch\/\",\"logo\":{\"@type\":\"ImageObject\",\"inLanguage\":\"en-GB\",\"@id\":\"https:\/\/gcuzhethz.ch\/#\/schema\/logo\/image\/\",\"url\":\"https:\/\/gcuzhethz.ch\/wp-content\/uploads\/cropped-Logo_header-2.png\",\"contentUrl\":\"https:\/\/gcuzhethz.ch\/wp-content\/uploads\/cropped-Logo_header-2.png\",\"width\":240,\"height\":96,\"caption\":\"Golfclub UZH &amp; ETHZ\"},\"image\":{\"@id\":\"https:\/\/gcuzhethz.ch\/#\/schema\/logo\/image\/\"},\"sameAs\":[\"https:\/\/www.facebook.com\/groups\/22892818878\/\",\"https:\/\/www.instagram.com\/golfclubuzhethz\/\"]}]}<\/script>\n<!-- \/ Yoast SEO plugin. -->","yoast_head_json":{"title":"Tournament Winners - Golfclub UZH &amp; ETHZ","description":"Turniersieger der Turniere zwischen dem Golfclub UZH & ETHZ und den Golfclub weiterer Schweizer Universit\u00e4ten.","robots":{"index":"index","follow":"follow","max-snippet":"max-snippet:-1","max-image-preview":"max-image-preview:large","max-video-preview":"max-video-preview:-1"},"canonical":"https:\/\/gcuzhethz.ch\/en\/tournament-winners\/","og_locale":"en_GB","og_type":"article","og_title":"Tournament Winners - Golfclub UZH &amp; ETHZ","og_description":"Turniersieger der Turniere zwischen dem Golfclub UZH & ETHZ und den Golfclub weiterer Schweizer Universit\u00e4ten.","og_url":"https:\/\/gcuzhethz.ch\/en\/tournament-winners\/","og_site_name":"Golfclub UZH &amp; ETHZ","article_publisher":"https:\/\/www.facebook.com\/groups\/22892818878\/","article_modified_time":"2025-10-20T12:44:15+00:00","og_image":[{"width":1200,"height":675,"url":"https:\/\/gcuzhethz.ch\/wp-content\/uploads\/Logo_1200x675.png","type":"image\/png"}],"twitter_card":"summary_large_image","schema":{"@context":"https:\/\/schema.org","@graph":[{"@type":"WebPage","@id":"https:\/\/gcuzhethz.ch\/tournament-winners\/","url":"https:\/\/gcuzhethz.ch\/tournament-winners\/","name":"Tournament Winners - Golfclub UZH &amp; ETHZ","isPartOf":{"@id":"https:\/\/gcuzhethz.ch\/#website"},"datePublished":"2023-02-07T14:29:31+00:00","dateModified":"2025-10-20T12:44:15+00:00","description":"Turniersieger der Turniere zwischen dem Golfclub UZH & ETHZ und den Golfclub weiterer Schweizer Universit\u00e4ten.","breadcrumb":{"@id":"https:\/\/gcuzhethz.ch\/tournament-winners\/#breadcrumb"},"inLanguage":"en-GB","potentialAction":[{"@type":"ReadAction","target":["https:\/\/gcuzhethz.ch\/tournament-winners\/"]}]},{"@type":"BreadcrumbList","@id":"https:\/\/gcuzhethz.ch\/tournament-winners\/#breadcrumb","itemListElement":[{"@type":"ListItem","position":1,"name":"Startseite","item":"https:\/\/gcuzhethz.ch\/"},{"@type":"ListItem","position":2,"name":"Tournament Winners"}]},{"@type":"WebSite","@id":"https:\/\/gcuzhethz.ch\/#website","url":"https:\/\/gcuzhethz.ch\/","name":"Golfclub UZH &amp; ETHZ","description":"Golfclub der Universit\u00e4t Z\u00fcrich und ETH Z\u00fcrich","publisher":{"@id":"https:\/\/gcuzhethz.ch\/#organization"},"alternateName":"Golfclub UZH und ETHZ","potentialAction":[{"@type":"SearchAction","target":{"@type":"EntryPoint","urlTemplate":"https:\/\/gcuzhethz.ch\/?s={search_term_string}"},"query-input":{"@type":"PropertyValueSpecification","valueRequired":true,"valueName":"search_term_string"}}],"inLanguage":"en-GB"},{"@type":"Organization","@id":"https:\/\/gcuzhethz.ch\/#organization","name":"Golfclub UZH &amp; ETHZ","alternateName":"Golfclub UZH und ETHZ","url":"https:\/\/gcuzhethz.ch\/","logo":{"@type":"ImageObject","inLanguage":"en-GB","@id":"https:\/\/gcuzhethz.ch\/#\/schema\/logo\/image\/","url":"https:\/\/gcuzhethz.ch\/wp-content\/uploads\/cropped-Logo_header-2.png","contentUrl":"https:\/\/gcuzhethz.ch\/wp-content\/uploads\/cropped-Logo_header-2.png","width":240,"height":96,"caption":"Golfclub UZH &amp; ETHZ"},"image":{"@id":"https:\/\/gcuzhethz.ch\/#\/schema\/logo\/image\/"},"sameAs":["https:\/\/www.facebook.com\/groups\/22892818878\/","https:\/\/www.instagram.com\/golfclubuzhethz\/"]}]}},"_links":{"self":[{"href":"https:\/\/gcuzhethz.ch\/en\/wp-json\/wp\/v2\/pages\/3927","targetHints":{"allow":["GET"]}}],"collection":[{"href":"https:\/\/gcuzhethz.ch\/en\/wp-json\/wp\/v2\/pages"}],"about":[{"href":"https:\/\/gcuzhethz.ch\/en\/wp-json\/wp\/v2\/types\/page"}],"author":[{"embeddable":true,"href":"https:\/\/gcuzhethz.ch\/en\/wp-json\/wp\/v2\/users\/1"}],"replies":[{"embeddable":true,"href":"https:\/\/gcuzhethz.ch\/en\/wp-json\/wp\/v2\/comments?post=3927"}],"version-history":[{"count":18,"href":"https:\/\/gcuzhethz.ch\/en\/wp-json\/wp\/v2\/pages\/3927\/revisions"}],"predecessor-version":[{"id":5435,"href":"https:\/\/gcuzhethz.ch\/en\/wp-json\/wp\/v2\/pages\/3927\/revisions\/5435"}],"wp:attachment":[{"href":"https:\/\/gcuzhethz.ch\/en\/wp-json\/wp\/v2\/media?parent=3927"}],"curies":[{"name":"wp","href":"https:\/\/api.w.org\/{rel}","templated":true}]}}