{"id":3681,"date":"2023-01-02T19:54:00","date_gmt":"2023-01-02T18:54:00","guid":{"rendered":"https:\/\/gcuzhethz.ch\/?page_id=3681"},"modified":"2024-05-10T21:18:13","modified_gmt":"2024-05-10T19:18:13","slug":"datenschutzerklaerung","status":"publish","type":"page","link":"https:\/\/gcuzhethz.ch\/en\/datenschutzerklaerung\/","title":{"rendered":"Datenschutzerkl\u00e4rung"},"content":{"rendered":"<h3><strong> 1.\u00a0<\/strong>Geltungsbereich<\/h3>\n<p>Diese Datenschutzerkl\u00e4rung regelt die Erhebung und Verarbeitung von Personendaten durch den Golf Club Universit\u00e4t und ETH Z\u00fcrich (im Folgenden als \u201cGolfclub\u201d bezeichnet) und die dazugeh\u00f6rigen Rechte und Pflichten der Personen, deren Daten verarbeitet werden.<\/p>\n<p>Der Golfclub ist ein Verein nach Schweizer Recht mit Sitz in der Schweiz. Das Angebot des Golfclubs richtet sich grunds\u00e4tzlich an Angeh\u00f6rige der ETH Z\u00fcrich sowie der Universit\u00e4t Z\u00fcrich.<\/p>\n<h3><strong>\u200b2.\u00a0 \u00a0 Erhebung und Bearbeitung von Personendaten<\/strong><\/h3>\n<p>Wir sammeln automatisch nicht-personalisierte Daten \u00fcber unser Website Backend von Infomaniak. Das beinhaltet:<\/p>\n<ul>\n<li>Anonymisierte Standorte des Ger\u00e4tes \u00fcber den der Zugriff erfolgte<\/li>\n<li>Ger\u00e4tetyp<\/li>\n<li>Verhalten der Nutzer*innen der Website<\/li>\n<li>Seiten die aufgerufen wurden<\/li>\n<li>Wie oft eine Unterseite aufgerufen wird<\/li>\n<li>Dauer der Nutzung der Website<\/li>\n<li>Durchschnittliche Aufenthaltsdauer gem\u00e4ss gesamter Anzahl Besucher*innen<\/li>\n<li>Gesamtzahl der Zugriffe auf die Webseite bzgl. Personenanzahl (bzw. Browser) und Aufrufe<\/li>\n<\/ul>\n<p>In Formularen in denen die Nutzer*innen freiwillig personenbezogene Daten angeben, welche zum Erf\u00fcllen des Zwecks des Formulars ben\u00f6tigt werden, k\u00f6nnen zudem personalisierte Daten erhoben werden. Manche Dienstleistungen und Partizipationsinstrumente sind m\u00f6glicherweise an die Eingabe solcher personalisierten Daten gekoppelt.<\/p>\n<h3><strong>\u200b3.\u00a0 \u00a0 Zwecke der Datenbearbeitung und Rechtsgrundlagen<\/strong><\/h3>\n<p>Wir verwenden unsere Daten, um die Aufrufe der Webseite zu \u00fcberwachen und den Traffic anzupassen.<\/p>\n<p>Bei freiwillig angegebenen Daten \u00fcber Formulare auf der Website werden die Daten unter Einwilligung der Nutzer*innen verwendet, um die entsprechende Anfrage auf Wunsch der Nutzer*innen zu bearbeiten.<\/p>\n<h3><strong>\u00a0 4. Cookies<\/strong><\/h3>\n<p>Wir setzen auf unseren Websites typischerweise &#8222;Cookies&#8220; und vergleichbare Techniken ein, mit denen Ihr Browser oder Ihr Ger\u00e4t identifiziert werden kann. Ein Cookie ist eine kleine Datei, die an Ihren Computer gesendet bzw. vom verwendeten Webbrowser automatisch auf Ihrem Computer oder mobilen Ger\u00e4t gespeichert wird, wenn Sie unsere Website besuchen. Wenn Sie diese Website erneut aufrufen, k\u00f6nnen wir Sie so wiedererkennen, selbst wenn wir nicht wissen, wer Sie sind. Neben Cookies, die lediglich w\u00e4hrend einer Sitzung benutzt und nach Ihrem Website-Besuch gel\u00f6scht werden (&#8222;Session Cookies&#8220;), k\u00f6nnen Cookies auch benutzt werden, um Nutzereinstellungen und andere Informationen \u00fcber eine bestimmte Zeit (z.B. zwei Jahre) zu speichern (&#8222;permanente Cookies&#8220;). Sie k\u00f6nnen Ihren Browser jedoch so einstellen, dass er Cookies zur\u00fcckweist, nur f\u00fcr eine Sitzung speichert oder sonst vorzeitig l\u00f6scht. Die meisten Browser sind so voreingestellt, dass Sie Cookies akzeptieren. Wenn Sie Cookies sperren, kann es sein, dass gewisse Funktionalit\u00e4ten nicht mehr funktionieren.<\/p>\n<p>Wir setzen auf unseren Websites ferner sog. Plug-Ins von sozialen Netzwerken wie Facebook, \u00a0oder Instagram. Das ist f\u00fcr Sie jeweils ersichtlich (typischerweise \u00fcber entsprechende Symbole).<\/p>\n<h3><strong>\u200b5.\u00a0 \u00a0 Datenweitergabe und Daten\u00fcbermittlung ins In- und Ausland<\/strong><\/h3>\n<p>Wir geben ihre Personendaten im Inland nur dann an Dritte (z.B. die ETH Z\u00fcrich, Universit\u00e4t Z\u00fcrich, den ASVZ und andere Beh\u00f6rden) bekannt, soweit dies im Rahmen der Verbandst\u00e4tigkeit, zwingender Rechtsvorschriften (z.B. beh\u00f6rdlichen Aufforderungen, Gerichtsbeschl\u00fcssen) oder zum Zweck der Rechts- oder Strafverfolgung erforderlich ist. Zu anderen Zwecken geben wir Ihre Daten Dritten nicht bekannt. Insbesondere verkaufen wir keine pers\u00f6nlichen oder unpers\u00f6nlichen Daten.<\/p>\n<p>Der Golfclub gibt keine personalisierten Daten ins Ausland weiter.<\/p>\n<p>\u200bBei der Ver\u00f6ffentlichung von Foto- und Videoaufnahmen auf Social Media entzieht sich der Datenstandort der Kontrolle des Golfclubs. Eine sp\u00e4tere Daten\u00fcbertragung in L\u00e4nder ausserhalb der Schweiz oder der Europ\u00e4ischen Union kann somit in diesem Fall nicht ausgeschlossen werden.<\/p>\n<p><strong>\u200ba.\u00a0 \u00a0 Datenweitergaben bei der Nutzung von Formularen<\/strong><\/p>\n<p>Bei der freiwilligen Nutzung eines Formulars auf unserer Website werden die Dienste Infomaniak verwendet, um die Daten f\u00fcr uns zug\u00e4nglich zu machen. Damit werden die Daten von diesem Dienstleister an seinem Standort gespeichert.<\/p>\n<h3><strong>\u200b6.\u00a0 \u00a0 Dauer der Aufbewahrung von Personendaten<\/strong><\/h3>\n<p>Wir verarbeiten und speichern Ihre Personendaten solange es f\u00fcr die Erf\u00fcllung unserer vertraglichen, reglementarischen und gesetzlichen Pflichten oder sonst die mit der Bearbeitung verfolgten Zwecke erforderlich ist, sowie dar\u00fcber hinaus gem\u00e4ss den gesetzlichen Aufbewahrungs- und Dokumentationspflichten. Dabei ist es m\u00f6glich, dass Personendaten f\u00fcr die Zeit aufbewahrt werden, in der Anspr\u00fcche gegen unsere Organisation geltend gemacht werden k\u00f6nnen und soweit wir anderweitig gesetzlich dazu verpflichtet sind oder berechtigte Gesch\u00e4ftsinteressen dies erfordern (z.B. f\u00fcr Beweis- und Dokumentationszwecke). Sobald Ihre Personendaten f\u00fcr die oben genannten Zwecke nicht mehr erforderlich sind, werden sie grunds\u00e4tzlich und soweit m\u00f6glich gel\u00f6scht oder anonymisiert.<\/p>\n<p>Nicht-personalisierte Daten werden nicht gel\u00f6scht.<\/p>\n<p>F\u00fcr die L\u00f6schung der personalisierten Daten ist der Vorstand des Golfclubs verantwortlich. L\u00f6schungen erfolgen am Ende des Jahres jeweils auf Ende Dezember.<\/p>\n<h3><strong>\u00a0 7. Datensicherheit<\/strong><\/h3>\n<p>Der Golfclub sichert mithilfe von technischen und organisatorischen Verfahren die Daten der nutzenden Personen vor Zugriff, Ver\u00e4nderung, Ver\u00f6ffentlichung oder Kopie durch Unbefugte. Der Golfclub \u00fcbernimmt keine Garantie f\u00fcr Risiken, die durch die Verwendung von elektronischen Ger\u00e4ten oder die \u00dcbermittlung von Informationen \u00fcber das Internet durch die nutzende Person entstehen.\u200b<\/p>\n<h3><strong> 8.\u00a0 Pflicht zur Bereitstellung von Personendaten<\/strong><\/h3>\n<p>Im Rahmen unserer T\u00e4tigkeit m\u00fcssen Sie diejenigen Personendaten bereitstellen, die f\u00fcr die Aufnahme und Durchf\u00fchrung einer T\u00e4tigkeit und die Erf\u00fcllung der damit verbundenen Aufgaben erforderlich sind (eine gesetzliche Pflicht, uns Daten bereitzustellen, haben Sie in der Regel nicht). Ohne diese Daten werden wir in der Regel nicht in der Lage sein, Ihren Auftrag auszuf\u00fchren. Auch die Website kann nicht genutzt werden, wenn gewisse Angaben zur Sicherstellung des Datenverkehrs (wie z.B. IP-Adresse) nicht offengelegt werden.<\/p>\n<h3><strong> \u00a0 9. Profiling<\/strong><\/h3>\n<p>Der Golfclub betreibt kein Profiling. Profiling beinhaltet die Verarbeitung von Personendaten mit dem Ziel, bestimmte pers\u00f6nliche Aspekte zu bewerten wie Arbeitslage, pers\u00f6nliche Vorlieben, Standorte.<\/p>\n<h3><strong>10. Foto- und Videoaufnahmen<\/strong><\/h3>\n<p>An Veranstaltungen des Golfclubs angefertigte Foto- und Videoaufnahmen k\u00f6nnen ver\u00f6ffentlicht werden, damit beispielsweise Besuchende darauf zugreifen k\u00f6nnen.<\/p>\n<p>Zudem kann der Golfclub die angefertigten Aufnahmen zur Kommunikation und zu Werbezwecken verwenden. Foto- und Videoaufnahmen von Personen k\u00f6nnen dabei auf Webseiten, Social Media, in Printmedien oder allgemein \u00fcber die vom Golfclub genutzten Kommunikationskan\u00e4le ver\u00f6ffentlicht werden. Dadurch werden die Aufnahmen allf\u00e4llig an die jeweiligen Plattformen weitergegeben. In diesem Kontext k\u00f6nnen auch redaktionelle Bearbeitungen der Aufnahmen vorgenommen werden.<\/p>\n<h3><strong>\u00a0 11. Rechte der betroffenen Person<\/strong><\/h3>\n<p>Sie haben im Rahmen des auf Sie anwendbaren Datenschutzrechts und soweit darin vorgesehen das Recht auf Auskunft, Berichtigung, L\u00f6schung, das Recht auf Einschr\u00e4nkung der Datenbearbeitung und sonst dem Widerspruch gegen unsere Datenbearbeitungen sowie auf Herausgabe gewisser Personendaten zwecks \u00dcbertragung an eine andere Stelle (sog. Datenportabilit\u00e4t). Bitte beachten Sie aber, dass wir uns vorbehalten, unsererseits die gesetzlich vorgesehenen Einschr\u00e4nkungen geltend zu machen, etwa wenn wir zur Aufbewahrung oder Bearbeitung gewisser Daten verpflichtet sind, daran ein \u00fcberwiegendes Interesse haben (soweit wir uns darauf berufen d\u00fcrfen) oder sie f\u00fcr die Geltendmachung von Anspr\u00fcchen ben\u00f6tigen. Falls f\u00fcr Sie Kosten anfallen, werden wir Sie vorab informieren. \u00dcber die M\u00f6glichkeit, Ihre Einwilligung zu widerrufen, haben wir bereits in Ziff. 3. informiert. Beachten Sie, dass die Aus\u00fcbung dieser Rechte im Konflikt zu vertraglichen Abmachungen stehen kann und dies Folgen wie z.B. die vorzeitige Vertragsaufl\u00f6sung oder Kosten haben kann. Wir werden Sie diesfalls vorg\u00e4ngig informieren, wo dies nicht bereits vertraglich geregelt ist.<\/p>\n<p>Die Aus\u00fcbung solcher Rechte setzt in der Regel voraus, dass Sie Ihre Identit\u00e4t eindeutig nachweisen (z.B. durch eine Ausweiskopie, wo Ihre Identit\u00e4t sonst nicht klar ist beziehungsweise verifiziert werden kann). Zur Geltendmachung Ihrer Rechte k\u00f6nnen Sie uns unter der in Ziffer 1. angegebenen Adresse kontaktieren.<\/p>\n<p>Jede betroffene Person hat \u00fcberdies das Recht, ihre Anspr\u00fcche gerichtlich durchzusetzen oder bei der zust\u00e4ndigen Datenschutzbeh\u00f6rde eine Beschwerde einzureichen. Die zust\u00e4ndige Datenschutzbeh\u00f6rde der Schweiz ist der Eidgen\u00f6ssische Datenschutz- und \u00d6ffentlichkeitsbeauftragte (<u><a href=\"http:\/\/www.edoeb.admin.ch\">http:\/\/www.edoeb.admin.ch<\/a><\/u>).<\/p>\n<h3><strong>12. Webanalyse<\/strong><\/h3>\n<p>Um Aufschluss \u00fcber die Nutzung unserer Webseite zu erhalten, unser Internet-Angebot zu verbessern sowie Sie auch auf Webseiten von Dritten oder auf Social Media mit Werbung ansprechen zu k\u00f6nnen, setzen wir folgende Web-Analysetools und Re-Targeting-Technologien ein: Google Analytics.<\/p>\n<p>Diese Tools werden von Drittanbietern zur Verf\u00fcgung gestellt. In der Regel werden die zu diesem Zweck erhobenen Informationen \u00fcber die Nutzung einer Webseite durch den Einsatz von Cookies oder \u00e4hnlichen Technologien an den Server des Drittanbieters \u00fcbermittelt. Je nach Drittanbieter befinden sich diese Server im Ausland.<\/p>\n<p>Die \u00dcbermittlung der Daten erfolgt normalerweise unter K\u00fcrzung der IP-Adressen, wodurch die Identifikation einzelner Endger\u00e4te verhindert wird. Eine \u00dcbertragung dieser Informationen durch Drittanbieter findet nur aufgrund gesetzlicher Vorschriften oder im Rahmen der Auftragsdatenbearbeitung statt.<\/p>\n<p><strong>a. Webanalyse Google Analytics<\/strong><\/p>\n<p>Wir nutzen auf unseren Webseiten Google Analytics, den Webanalysedienst der Google LLC, Mountain View, California, USA, zust\u00e4ndig f\u00fcr Europa ist Google Limited Ireland (\u00abGoogle\u00bb).<\/p>\n<p>Zur Deaktivierung von Google Analytics stellt Google unter <u><a href=\"https:\/\/tools.google.com\/dlpage\/gaoptout?hl=de\">https:\/\/tools.google.com\/dlpage\/gaoptout?hl=de<\/a><\/u> ein Browser-Plug-In zur Verf\u00fcgung.<\/p>\n<p>Google Analytics verwendet Cookies. Das sind kleine Textdateien, die es m\u00f6glich machen, auf dem Endger\u00e4t des Nutzers spezifische, auf den Nutzer bezogene Informationen zu speichern. Diese erm\u00f6glichen eine Analyse der Nutzung unseres Website Angebots durch Google. Die durch den Cookie erfassten Informationen \u00fcber die Nutzung unserer Seiten (einschliesslich Ihrer IP-Adresse) werden in der Regel an einen Server von Google in den USA \u00fcbertragen und dort gespeichert.<\/p>\n<p>Nur in Ausnahmef\u00e4llen wird die volle IP-Adresse an einen Server von Google in den USA \u00fcbertragen und dort gek\u00fcrzt. Google wird unter Umst\u00e4nden ihre IP-Adresse mit anderen Daten von Google in Verbindung bringen. F\u00fcr Daten\u00fcbermittlungen in die USA hat sich Google verpflichtet, die EU-Standardvertragsklauseln zu unterzeichnen und einzuhalten.<\/p>\n<p><strong>b. Google Maps<\/strong><\/p>\n<p>Auf unserer Website verwenden wir Google Maps (API) von Google Inc. (1600 Amphitheatre Parkway, Mountain View, CA 94043, USA; zust\u00e4ndig f\u00fcr Europa ist Google Limited Ireland, \u00abGoogle\u00bb). Google Maps ist ein Webdienst zur Darstellung von interaktiven (Land-)Karten, um geographische Informationen visuell darzustellen. \u00dcber die Nutzung dieses Dienstes wird ihnen unser Standort angezeigt und eine etwaige Anfahrt erleichtert. Bereits beim Aufrufen derjenigen Unterseiten, in die die Karte von Google Maps eingebunden ist, werden Informationen \u00fcber Ihre Nutzung unserer Website (wie z.B. Ihre IP-Adresse) an Server von Google in den USA \u00fcbertragen und dort gespeichert. Dies erfolgt unabh\u00e4ngig davon, ob Google ein Nutzerkonto bereitstellt, \u00fcber das Sie eingeloggt sind, oder ob kein Nutzer*inenkonto besteht. Wenn Sie bei Google eingeloggt sind, werden Ihre Daten direkt ihrem Konto zugeordnet. Wenn Sie die Zuordnung mit Ihrem Profil bei Google nicht w\u00fcnschen, m\u00fcssen Sie sich vor Aktivierung des Buttons ausloggen. Google speichert Ihre Daten (selbst f\u00fcr nicht eingeloggte Nutzer) als Nutzungsprofile und wertet diese aus.<\/p>\n<p>F\u00fcr Daten\u00fcbermittlungen in die USA hat sich Google verpflichtet, die EU-Standardvertragsklauseln zu unterzeichnen und einzuhalten.<\/p>\n<h3><strong>12. \u00c4nderungen<\/strong><\/h3>\n<p>Wir k\u00f6nnen diese Datenschutzerkl\u00e4rung jederzeit ohne Vorank\u00fcndigung anpassen. Es gilt die jeweils aktuelle, auf unserer Website publizierte Fassung<strong>.<\/strong><\/p>\n<h3><strong>13. Teilung\u00fcltigkeit<\/strong><\/h3>\n<p>Sollte sich eine oder mehrere Bestimmungen dieser Datenschutzerkl\u00e4rung als ung\u00fcltig erweisen, ber\u00fchrt dies die G\u00fcltigkeit, Wirksamkeit und Durchsetzbarkeit der \u00fcbrigen Bestimmungen dieser Datenschutzerkl\u00e4rung nicht. Soweit m\u00f6glich wird der Golfclub die ung\u00fcltige Bestimmung durch eine gleichwertige g\u00fcltige ersetzen.<\/p>\n<h3><strong>14. Gerichtsstand und anwendbares Recht<\/strong><\/h3>\n<p><strong>S\u00e4mtliche Streitigkeiten aus oder in Zusammenhang mit dieser Datenschutzerkl\u00e4rung unterstehen der Gerichtsbarkeit der ordentlichen Gerichte am Sitz des Golfclubs. Der Golfclub ist jedoch nach seiner freien Wahl berechtigt, seine Anspr\u00fcche auch am Wohnsitz der nutzenden Person geltend zu machen. Erf\u00fcllungsort ist ebenfalls am Sitz des Golfclubs.<\/strong><\/p>\n<p><strong>Auf diese Datenschutzerkl\u00e4rung ist ausschliesslich Schweizer Recht anwendbar.<\/strong><\/p>\n<h3><strong>15. Kontakt<\/strong><\/h3>\n<p>Anfragen zum Datenschutz k\u00f6nnen, unter Beilage einer Kopie der ID oder des Passes zur Identifikation des Nutzers, per Brief oder E-Mail an uns gerichtet werden:<\/p>\n<p>Golfclub UZH &amp; ETHZ<br \/>\nPostfach<br \/>\nR\u00e4mistrasse 71<br \/>\nCH-8006 Z\u00fcrich<\/p>\n<p>Email: info[at]gcuzhethz.ch<\/p>","protected":false},"excerpt":{"rendered":"<p>1.\u00a0Geltungsbereich Diese Datenschutzerkl\u00e4rung regelt die Erhebung und Verarbeitung von Personendaten durch den Golf Club Universit\u00e4t und ETH Z\u00fcrich (im Folgenden als \u201cGolfclub\u201d bezeichnet) und die dazugeh\u00f6rigen Rechte und Pflichten der &hellip; <a href=\"https:\/\/gcuzhethz.ch\/en\/datenschutzerklaerung\/\" class=\"more-link\">Continue reading<span class=\"screen-reader-text\"> &#8222;Datenschutzerkl\u00e4rung&#8220;<\/span><\/a><\/p>","protected":false},"author":1,"featured_media":0,"parent":0,"menu_order":0,"comment_status":"closed","ping_status":"closed","template":"","meta":{"footnotes":""},"class_list":["post-3681","page","type-page","status-publish","hentry"],"yoast_head":"<!-- This site is optimized with the Yoast SEO plugin v26.4 - https:\/\/yoast.com\/wordpress\/plugins\/seo\/ -->\n<title>Datenschutzerkl\u00e4rung - Golfclub UZH &amp; ETHZ<\/title>\n<meta name=\"robots\" content=\"index, follow, max-snippet:-1, max-image-preview:large, max-video-preview:-1\" \/>\n<link rel=\"canonical\" href=\"https:\/\/gcuzhethz.ch\/en\/datenschutzerklaerung\/\" \/>\n<meta property=\"og:locale\" content=\"en_GB\" \/>\n<meta property=\"og:type\" content=\"article\" \/>\n<meta property=\"og:title\" content=\"Datenschutzerkl\u00e4rung - Golfclub UZH &amp; ETHZ\" \/>\n<meta property=\"og:description\" content=\"1.\u00a0Geltungsbereich Diese Datenschutzerkl\u00e4rung regelt die Erhebung und Verarbeitung von Personendaten durch den Golf Club Universit\u00e4t und ETH Z\u00fcrich (im Folgenden als \u201cGolfclub\u201d bezeichnet) und die dazugeh\u00f6rigen Rechte und Pflichten der &hellip; Continue reading &quot;Datenschutzerkl\u00e4rung&quot;\" \/>\n<meta property=\"og:url\" content=\"https:\/\/gcuzhethz.ch\/en\/datenschutzerklaerung\/\" \/>\n<meta property=\"og:site_name\" content=\"Golfclub UZH &amp; ETHZ\" \/>\n<meta property=\"article:publisher\" content=\"https:\/\/www.facebook.com\/groups\/22892818878\/\" \/>\n<meta property=\"article:modified_time\" content=\"2024-05-10T19:18:13+00:00\" \/>\n<meta property=\"og:image\" content=\"https:\/\/gcuzhethz.ch\/wp-content\/uploads\/Logo_1200x675.png\" \/>\n\t<meta property=\"og:image:width\" content=\"1200\" \/>\n\t<meta property=\"og:image:height\" content=\"675\" \/>\n\t<meta property=\"og:image:type\" content=\"image\/png\" \/>\n<meta name=\"twitter:card\" content=\"summary_large_image\" \/>\n<meta name=\"twitter:label1\" content=\"Estimated reading time\" \/>\n\t<meta name=\"twitter:data1\" content=\"10 minutes\" \/>\n<script type=\"application\/ld+json\" class=\"yoast-schema-graph\">{\"@context\":\"https:\/\/schema.org\",\"@graph\":[{\"@type\":\"WebPage\",\"@id\":\"https:\/\/gcuzhethz.ch\/datenschutzerklaerung\/\",\"url\":\"https:\/\/gcuzhethz.ch\/datenschutzerklaerung\/\",\"name\":\"Datenschutzerkl\u00e4rung - Golfclub UZH &amp; ETHZ\",\"isPartOf\":{\"@id\":\"https:\/\/gcuzhethz.ch\/#website\"},\"datePublished\":\"2023-01-02T18:54:00+00:00\",\"dateModified\":\"2024-05-10T19:18:13+00:00\",\"breadcrumb\":{\"@id\":\"https:\/\/gcuzhethz.ch\/datenschutzerklaerung\/#breadcrumb\"},\"inLanguage\":\"en-GB\",\"potentialAction\":[{\"@type\":\"ReadAction\",\"target\":[\"https:\/\/gcuzhethz.ch\/datenschutzerklaerung\/\"]}]},{\"@type\":\"BreadcrumbList\",\"@id\":\"https:\/\/gcuzhethz.ch\/datenschutzerklaerung\/#breadcrumb\",\"itemListElement\":[{\"@type\":\"ListItem\",\"position\":1,\"name\":\"Startseite\",\"item\":\"https:\/\/gcuzhethz.ch\/\"},{\"@type\":\"ListItem\",\"position\":2,\"name\":\"Datenschutzerkl\u00e4rung\"}]},{\"@type\":\"WebSite\",\"@id\":\"https:\/\/gcuzhethz.ch\/#website\",\"url\":\"https:\/\/gcuzhethz.ch\/\",\"name\":\"Golfclub UZH &amp; ETHZ\",\"description\":\"Golfclub der Universit\u00e4t Z\u00fcrich und ETH Z\u00fcrich\",\"publisher\":{\"@id\":\"https:\/\/gcuzhethz.ch\/#organization\"},\"alternateName\":\"Golfclub UZH und ETHZ\",\"potentialAction\":[{\"@type\":\"SearchAction\",\"target\":{\"@type\":\"EntryPoint\",\"urlTemplate\":\"https:\/\/gcuzhethz.ch\/?s={search_term_string}\"},\"query-input\":{\"@type\":\"PropertyValueSpecification\",\"valueRequired\":true,\"valueName\":\"search_term_string\"}}],\"inLanguage\":\"en-GB\"},{\"@type\":\"Organization\",\"@id\":\"https:\/\/gcuzhethz.ch\/#organization\",\"name\":\"Golfclub UZH &amp; ETHZ\",\"alternateName\":\"Golfclub UZH und ETHZ\",\"url\":\"https:\/\/gcuzhethz.ch\/\",\"logo\":{\"@type\":\"ImageObject\",\"inLanguage\":\"en-GB\",\"@id\":\"https:\/\/gcuzhethz.ch\/#\/schema\/logo\/image\/\",\"url\":\"https:\/\/gcuzhethz.ch\/wp-content\/uploads\/cropped-Logo_header-2.png\",\"contentUrl\":\"https:\/\/gcuzhethz.ch\/wp-content\/uploads\/cropped-Logo_header-2.png\",\"width\":240,\"height\":96,\"caption\":\"Golfclub UZH &amp; ETHZ\"},\"image\":{\"@id\":\"https:\/\/gcuzhethz.ch\/#\/schema\/logo\/image\/\"},\"sameAs\":[\"https:\/\/www.facebook.com\/groups\/22892818878\/\",\"https:\/\/www.instagram.com\/golfclubuzhethz\/\"]}]}<\/script>\n<!-- \/ Yoast SEO plugin. -->","yoast_head_json":{"title":"Datenschutzerkl\u00e4rung - Golfclub UZH &amp; ETHZ","robots":{"index":"index","follow":"follow","max-snippet":"max-snippet:-1","max-image-preview":"max-image-preview:large","max-video-preview":"max-video-preview:-1"},"canonical":"https:\/\/gcuzhethz.ch\/en\/datenschutzerklaerung\/","og_locale":"en_GB","og_type":"article","og_title":"Datenschutzerkl\u00e4rung - Golfclub UZH &amp; ETHZ","og_description":"1.\u00a0Geltungsbereich Diese Datenschutzerkl\u00e4rung regelt die Erhebung und Verarbeitung von Personendaten durch den Golf Club Universit\u00e4t und ETH Z\u00fcrich (im Folgenden als \u201cGolfclub\u201d bezeichnet) und die dazugeh\u00f6rigen Rechte und Pflichten der &hellip; Continue reading \"Datenschutzerkl\u00e4rung\"","og_url":"https:\/\/gcuzhethz.ch\/en\/datenschutzerklaerung\/","og_site_name":"Golfclub UZH &amp; ETHZ","article_publisher":"https:\/\/www.facebook.com\/groups\/22892818878\/","article_modified_time":"2024-05-10T19:18:13+00:00","og_image":[{"width":1200,"height":675,"url":"https:\/\/gcuzhethz.ch\/wp-content\/uploads\/Logo_1200x675.png","type":"image\/png"}],"twitter_card":"summary_large_image","twitter_misc":{"Estimated reading time":"10 minutes"},"schema":{"@context":"https:\/\/schema.org","@graph":[{"@type":"WebPage","@id":"https:\/\/gcuzhethz.ch\/datenschutzerklaerung\/","url":"https:\/\/gcuzhethz.ch\/datenschutzerklaerung\/","name":"Datenschutzerkl\u00e4rung - Golfclub UZH &amp; ETHZ","isPartOf":{"@id":"https:\/\/gcuzhethz.ch\/#website"},"datePublished":"2023-01-02T18:54:00+00:00","dateModified":"2024-05-10T19:18:13+00:00","breadcrumb":{"@id":"https:\/\/gcuzhethz.ch\/datenschutzerklaerung\/#breadcrumb"},"inLanguage":"en-GB","potentialAction":[{"@type":"ReadAction","target":["https:\/\/gcuzhethz.ch\/datenschutzerklaerung\/"]}]},{"@type":"BreadcrumbList","@id":"https:\/\/gcuzhethz.ch\/datenschutzerklaerung\/#breadcrumb","itemListElement":[{"@type":"ListItem","position":1,"name":"Startseite","item":"https:\/\/gcuzhethz.ch\/"},{"@type":"ListItem","position":2,"name":"Datenschutzerkl\u00e4rung"}]},{"@type":"WebSite","@id":"https:\/\/gcuzhethz.ch\/#website","url":"https:\/\/gcuzhethz.ch\/","name":"Golfclub UZH &amp; ETHZ","description":"Golfclub der Universit\u00e4t Z\u00fcrich und ETH Z\u00fcrich","publisher":{"@id":"https:\/\/gcuzhethz.ch\/#organization"},"alternateName":"Golfclub UZH und ETHZ","potentialAction":[{"@type":"SearchAction","target":{"@type":"EntryPoint","urlTemplate":"https:\/\/gcuzhethz.ch\/?s={search_term_string}"},"query-input":{"@type":"PropertyValueSpecification","valueRequired":true,"valueName":"search_term_string"}}],"inLanguage":"en-GB"},{"@type":"Organization","@id":"https:\/\/gcuzhethz.ch\/#organization","name":"Golfclub UZH &amp; ETHZ","alternateName":"Golfclub UZH und ETHZ","url":"https:\/\/gcuzhethz.ch\/","logo":{"@type":"ImageObject","inLanguage":"en-GB","@id":"https:\/\/gcuzhethz.ch\/#\/schema\/logo\/image\/","url":"https:\/\/gcuzhethz.ch\/wp-content\/uploads\/cropped-Logo_header-2.png","contentUrl":"https:\/\/gcuzhethz.ch\/wp-content\/uploads\/cropped-Logo_header-2.png","width":240,"height":96,"caption":"Golfclub UZH &amp; ETHZ"},"image":{"@id":"https:\/\/gcuzhethz.ch\/#\/schema\/logo\/image\/"},"sameAs":["https:\/\/www.facebook.com\/groups\/22892818878\/","https:\/\/www.instagram.com\/golfclubuzhethz\/"]}]}},"_links":{"self":[{"href":"https:\/\/gcuzhethz.ch\/en\/wp-json\/wp\/v2\/pages\/3681","targetHints":{"allow":["GET"]}}],"collection":[{"href":"https:\/\/gcuzhethz.ch\/en\/wp-json\/wp\/v2\/pages"}],"about":[{"href":"https:\/\/gcuzhethz.ch\/en\/wp-json\/wp\/v2\/types\/page"}],"author":[{"embeddable":true,"href":"https:\/\/gcuzhethz.ch\/en\/wp-json\/wp\/v2\/users\/1"}],"replies":[{"embeddable":true,"href":"https:\/\/gcuzhethz.ch\/en\/wp-json\/wp\/v2\/comments?post=3681"}],"version-history":[{"count":4,"href":"https:\/\/gcuzhethz.ch\/en\/wp-json\/wp\/v2\/pages\/3681\/revisions"}],"predecessor-version":[{"id":4479,"href":"https:\/\/gcuzhethz.ch\/en\/wp-json\/wp\/v2\/pages\/3681\/revisions\/4479"}],"wp:attachment":[{"href":"https:\/\/gcuzhethz.ch\/en\/wp-json\/wp\/v2\/media?parent=3681"}],"curies":[{"name":"wp","href":"https:\/\/api.w.org\/{rel}","templated":true}]}}