{"id":2716,"date":"2019-11-03T01:38:09","date_gmt":"2019-11-03T00:38:09","guid":{"rendered":"http:\/\/www.golfclub.uzh.ch\/?page_id=2716"},"modified":"2025-11-09T12:28:57","modified_gmt":"2025-11-09T11:28:57","slug":"anmeldung","status":"publish","type":"page","link":"https:\/\/gcuzhethz.ch\/en\/anmeldung\/","title":{"rendered":"Registration"},"content":{"rendered":"<p>Here you can register as a new member of the UZH &amp; ETHZ Golf Club. Join over 100 others and take part in exciting and fun golf events!<\/p>\n\n\n\n<p>The registration to our club is made throught the following form. When you have filled out the form correctly, you will get a reply by our board team as fast as possible.<br><br>The membership fee is 50 CHF per year for students and 100 CHF per year for alumnis. The payment of the membership fee is an important requirement for your participation in our events. <\/p>\n\n\n\n<p>Please note: In order to be able to apply, you should already have a golf license or handicap.<\/p>\n\n\n\n<div class=\"wpcf7 no-js\" id=\"wpcf7-f2152-o1\" lang=\"de-DE\" dir=\"ltr\" data-wpcf7-id=\"2152\">\n<div class=\"screen-reader-response\"><p role=\"status\" aria-live=\"polite\" aria-atomic=\"true\"><\/p> <ul><\/ul><\/div>\n<form action=\"\/en\/wp-json\/wp\/v2\/pages\/2716#wpcf7-f2152-o1\" method=\"post\" class=\"wpcf7-form init\" aria-label=\"Kontaktformular\" novalidate=\"novalidate\" data-status=\"init\" data-trp-original-action=\"\/en\/wp-json\/wp\/v2\/pages\/2716#wpcf7-f2152-o1\">\n<fieldset class=\"hidden-fields-container\"><input type=\"hidden\" name=\"_wpcf7\" value=\"2152\" \/><input type=\"hidden\" name=\"_wpcf7_version\" value=\"6.1.3\" \/><input type=\"hidden\" name=\"_wpcf7_locale\" value=\"de_DE\" \/><input type=\"hidden\" name=\"_wpcf7_unit_tag\" value=\"wpcf7-f2152-o1\" \/><input type=\"hidden\" name=\"_wpcf7_container_post\" value=\"0\" \/><input type=\"hidden\" name=\"_wpcf7_posted_data_hash\" value=\"\" \/>\n<\/fieldset>\n<p>Name*<br \/>\n<span class=\"wpcf7-form-control-wrap\" data-name=\"your-name\"><input size=\"40\" maxlength=\"400\" class=\"wpcf7-form-control wpcf7-text wpcf7-validates-as-required\" aria-required=\"true\" aria-invalid=\"false\" value=\"\" type=\"text\" name=\"your-name\" \/><\/span>\n<\/p>\n<p>Phone number*<br \/>\n<span class=\"wpcf7-form-control-wrap\" data-name=\"your-phone\"><input size=\"40\" maxlength=\"400\" class=\"wpcf7-form-control wpcf7-text wpcf7-validates-as-required\" aria-required=\"true\" aria-invalid=\"false\" value=\"\" type=\"text\" name=\"your-phone\" \/><\/span>\n<\/p>\n<p>University E-Mail adress*<br \/>\n<span class=\"wpcf7-form-control-wrap\" data-name=\"your-email\"><input size=\"40\" maxlength=\"400\" class=\"wpcf7-form-control wpcf7-email wpcf7-validates-as-required wpcf7-text wpcf7-validates-as-email\" aria-required=\"true\" aria-invalid=\"false\" value=\"\" type=\"email\" name=\"your-email\" \/><\/span>\n<\/p>\n<p>Private E-Mail adress*<br \/>\n<span class=\"wpcf7-form-control-wrap\" data-name=\"your-email2\"><input size=\"40\" maxlength=\"400\" class=\"wpcf7-form-control wpcf7-email wpcf7-validates-as-required wpcf7-text wpcf7-validates-as-email\" aria-required=\"true\" aria-invalid=\"false\" value=\"\" type=\"email\" name=\"your-email2\" \/><\/span>\n<\/p>\n<p>Date of Birth*<br \/>\n<span class=\"wpcf7-form-control-wrap\" data-name=\"geburtsdatum\"><input size=\"40\" maxlength=\"400\" class=\"wpcf7-form-control wpcf7-text wpcf7-validates-as-required\" aria-required=\"true\" aria-invalid=\"false\" value=\"\" type=\"text\" name=\"geburtsdatum\" \/><\/span>\n<\/p>\n<p>Handicap*<br \/>\n<span class=\"wpcf7-form-control-wrap\" data-name=\"handicap\"><input size=\"40\" maxlength=\"400\" class=\"wpcf7-form-control wpcf7-text wpcf7-validates-as-required\" aria-required=\"true\" aria-invalid=\"false\" value=\"\" type=\"text\" name=\"handicap\" \/><\/span>\n<\/p>\n<p>Home course*<br \/>\n<span class=\"wpcf7-form-control-wrap\" data-name=\"golfclub\"><input size=\"40\" maxlength=\"400\" class=\"wpcf7-form-control wpcf7-text wpcf7-validates-as-required\" aria-required=\"true\" aria-invalid=\"false\" value=\"\" type=\"text\" name=\"golfclub\" \/><\/span>\n<\/p>\n<p>Degree Program and University*<br \/>\n<span class=\"wpcf7-form-control-wrap\" data-name=\"studium\"><input size=\"40\" maxlength=\"400\" class=\"wpcf7-form-control wpcf7-text wpcf7-validates-as-required\" aria-required=\"true\" aria-invalid=\"false\" value=\"\" type=\"text\" name=\"studium\" \/><\/span>\n<\/p>\n<p>Student status*<br \/>\n<span class=\"wpcf7-form-control-wrap\" data-name=\"Status\"><select class=\"wpcf7-form-control wpcf7-select wpcf7-validates-as-required\" aria-required=\"true\" aria-invalid=\"false\" name=\"Status\"><option value=\"Student\">Student<\/option><option value=\"Alumni\">Alumni<\/option><option value=\"Sonstiges\">Sonstiges<\/option><\/select><\/span>\n<\/p>\n<p>Instagram username (optional)<br \/>\n<span class=\"wpcf7-form-control-wrap\" data-name=\"insta-name\"><input size=\"40\" maxlength=\"400\" class=\"wpcf7-form-control wpcf7-text\" aria-invalid=\"false\" value=\"\" type=\"text\" name=\"insta-name\" \/><\/span>\n<\/p>\n<p>Remarks (optional)<br \/>\n<span class=\"wpcf7-form-control-wrap\" data-name=\"your-message\"><textarea cols=\"40\" rows=\"10\" maxlength=\"2000\" class=\"wpcf7-form-control wpcf7-textarea\" aria-invalid=\"false\" name=\"your-message\"><\/textarea><\/span>\n<\/p>\n<p><span class=\"wpcf7-form-control-wrap\" data-name=\"accept-statuten\"><span class=\"wpcf7-form-control wpcf7-acceptance\"><span class=\"wpcf7-list-item\"><label><input type=\"checkbox\" name=\"accept-statuten\" value=\"1\" aria-invalid=\"false\" \/><span class=\"wpcf7-list-item-label\">I have read and accepted the <a href=\"\/wp-content\/uploads\/Statuten2025.pdf\" target=\"_blank\">Statutes<\/a> of the Club.<\/span><\/label><\/span><\/span><\/span>\n<\/p>\n<p><input class=\"wpcf7-form-control wpcf7-submit has-spinner\" type=\"submit\" value=\"Register\" \/>\n<\/p><div class=\"wpcf7-response-output\" aria-hidden=\"true\"><\/div>\n<input type=\"hidden\" name=\"trp-form-language\" value=\"en\"\/><\/form>\n<\/div>\n\n\n\n\n<p>* mandatory fields<\/p>","protected":false},"excerpt":{"rendered":"<p>Hier kannst du dich als Neumitglied zum Golfclub UZH &amp; ETHZ anmelden. Tritt \u00fcber 100 anderen bei und nehme an spannenden und lustigen Golf-Events teil! Die Anmeldung f\u00fcr unseren Golfverein &hellip; <a href=\"https:\/\/gcuzhethz.ch\/en\/anmeldung\/\" class=\"more-link\">Continue reading<span class=\"screen-reader-text\"> &#8222;Anmeldung&#8220;<\/span><\/a><\/p>","protected":false},"author":1,"featured_media":0,"parent":0,"menu_order":0,"comment_status":"closed","ping_status":"closed","template":"","meta":{"footnotes":""},"class_list":["post-2716","page","type-page","status-publish","hentry"],"yoast_head":"<!-- This site is optimized with the Yoast SEO plugin v26.4 - https:\/\/yoast.com\/wordpress\/plugins\/seo\/ -->\n<title>Anmeldung - Golfclub UZH &amp; ETHZ<\/title>\n<meta name=\"description\" content=\"Anmeldung zum Golfclub UZH &amp; ETHZ als Neumitglied. Tritt \u00fcber 100 anderen bei und nehme an spannenden und lustigen Golf-Events teil!\" \/>\n<meta name=\"robots\" content=\"index, follow, max-snippet:-1, max-image-preview:large, max-video-preview:-1\" \/>\n<link rel=\"canonical\" href=\"https:\/\/gcuzhethz.ch\/en\/anmeldung\/\" \/>\n<meta property=\"og:locale\" content=\"en_GB\" \/>\n<meta property=\"og:type\" content=\"article\" \/>\n<meta property=\"og:title\" content=\"Anmeldung - Golfclub UZH &amp; ETHZ\" \/>\n<meta property=\"og:description\" content=\"Anmeldung zum Golfclub UZH &amp; ETHZ als Neumitglied. Tritt \u00fcber 100 anderen bei und nehme an spannenden und lustigen Golf-Events teil!\" \/>\n<meta property=\"og:url\" content=\"https:\/\/gcuzhethz.ch\/en\/anmeldung\/\" \/>\n<meta property=\"og:site_name\" content=\"Golfclub UZH &amp; ETHZ\" \/>\n<meta property=\"article:publisher\" content=\"https:\/\/www.facebook.com\/groups\/22892818878\/\" \/>\n<meta property=\"article:modified_time\" content=\"2025-11-09T11:28:57+00:00\" \/>\n<meta property=\"og:image\" content=\"https:\/\/gcuzhethz.ch\/wp-content\/uploads\/Logo_1200x675.png\" \/>\n\t<meta property=\"og:image:width\" content=\"1200\" \/>\n\t<meta property=\"og:image:height\" content=\"675\" \/>\n\t<meta property=\"og:image:type\" content=\"image\/png\" \/>\n<meta name=\"twitter:card\" content=\"summary_large_image\" \/>\n<meta name=\"twitter:label1\" content=\"Estimated reading time\" \/>\n\t<meta name=\"twitter:data1\" content=\"1 minute\" \/>\n<script type=\"application\/ld+json\" class=\"yoast-schema-graph\">{\"@context\":\"https:\/\/schema.org\",\"@graph\":[{\"@type\":\"WebPage\",\"@id\":\"https:\/\/gcuzhethz.ch\/anmeldung\/\",\"url\":\"https:\/\/gcuzhethz.ch\/anmeldung\/\",\"name\":\"Anmeldung - Golfclub UZH &amp; ETHZ\",\"isPartOf\":{\"@id\":\"https:\/\/gcuzhethz.ch\/#website\"},\"datePublished\":\"2019-11-03T00:38:09+00:00\",\"dateModified\":\"2025-11-09T11:28:57+00:00\",\"description\":\"Anmeldung zum Golfclub UZH & ETHZ als Neumitglied. Tritt \u00fcber 100 anderen bei und nehme an spannenden und lustigen Golf-Events teil!\",\"breadcrumb\":{\"@id\":\"https:\/\/gcuzhethz.ch\/anmeldung\/#breadcrumb\"},\"inLanguage\":\"en-GB\",\"potentialAction\":[{\"@type\":\"ReadAction\",\"target\":[\"https:\/\/gcuzhethz.ch\/anmeldung\/\"]}]},{\"@type\":\"BreadcrumbList\",\"@id\":\"https:\/\/gcuzhethz.ch\/anmeldung\/#breadcrumb\",\"itemListElement\":[{\"@type\":\"ListItem\",\"position\":1,\"name\":\"Startseite\",\"item\":\"https:\/\/gcuzhethz.ch\/\"},{\"@type\":\"ListItem\",\"position\":2,\"name\":\"Anmeldung\"}]},{\"@type\":\"WebSite\",\"@id\":\"https:\/\/gcuzhethz.ch\/#website\",\"url\":\"https:\/\/gcuzhethz.ch\/\",\"name\":\"Golfclub UZH &amp; ETHZ\",\"description\":\"Golfclub der Universit\u00e4t Z\u00fcrich und ETH Z\u00fcrich\",\"publisher\":{\"@id\":\"https:\/\/gcuzhethz.ch\/#organization\"},\"alternateName\":\"Golfclub UZH und ETHZ\",\"potentialAction\":[{\"@type\":\"SearchAction\",\"target\":{\"@type\":\"EntryPoint\",\"urlTemplate\":\"https:\/\/gcuzhethz.ch\/?s={search_term_string}\"},\"query-input\":{\"@type\":\"PropertyValueSpecification\",\"valueRequired\":true,\"valueName\":\"search_term_string\"}}],\"inLanguage\":\"en-GB\"},{\"@type\":\"Organization\",\"@id\":\"https:\/\/gcuzhethz.ch\/#organization\",\"name\":\"Golfclub UZH &amp; ETHZ\",\"alternateName\":\"Golfclub UZH und ETHZ\",\"url\":\"https:\/\/gcuzhethz.ch\/\",\"logo\":{\"@type\":\"ImageObject\",\"inLanguage\":\"en-GB\",\"@id\":\"https:\/\/gcuzhethz.ch\/#\/schema\/logo\/image\/\",\"url\":\"https:\/\/gcuzhethz.ch\/wp-content\/uploads\/cropped-Logo_header-2.png\",\"contentUrl\":\"https:\/\/gcuzhethz.ch\/wp-content\/uploads\/cropped-Logo_header-2.png\",\"width\":240,\"height\":96,\"caption\":\"Golfclub UZH &amp; ETHZ\"},\"image\":{\"@id\":\"https:\/\/gcuzhethz.ch\/#\/schema\/logo\/image\/\"},\"sameAs\":[\"https:\/\/www.facebook.com\/groups\/22892818878\/\",\"https:\/\/www.instagram.com\/golfclubuzhethz\/\"]}]}<\/script>\n<!-- \/ Yoast SEO plugin. -->","yoast_head_json":{"title":"Anmeldung - Golfclub UZH &amp; ETHZ","description":"Anmeldung zum Golfclub UZH & ETHZ als Neumitglied. Tritt \u00fcber 100 anderen bei und nehme an spannenden und lustigen Golf-Events teil!","robots":{"index":"index","follow":"follow","max-snippet":"max-snippet:-1","max-image-preview":"max-image-preview:large","max-video-preview":"max-video-preview:-1"},"canonical":"https:\/\/gcuzhethz.ch\/en\/anmeldung\/","og_locale":"en_GB","og_type":"article","og_title":"Anmeldung - Golfclub UZH &amp; ETHZ","og_description":"Anmeldung zum Golfclub UZH & ETHZ als Neumitglied. Tritt \u00fcber 100 anderen bei und nehme an spannenden und lustigen Golf-Events teil!","og_url":"https:\/\/gcuzhethz.ch\/en\/anmeldung\/","og_site_name":"Golfclub UZH &amp; ETHZ","article_publisher":"https:\/\/www.facebook.com\/groups\/22892818878\/","article_modified_time":"2025-11-09T11:28:57+00:00","og_image":[{"width":1200,"height":675,"url":"https:\/\/gcuzhethz.ch\/wp-content\/uploads\/Logo_1200x675.png","type":"image\/png"}],"twitter_card":"summary_large_image","twitter_misc":{"Estimated reading time":"1 minute"},"schema":{"@context":"https:\/\/schema.org","@graph":[{"@type":"WebPage","@id":"https:\/\/gcuzhethz.ch\/anmeldung\/","url":"https:\/\/gcuzhethz.ch\/anmeldung\/","name":"Anmeldung - Golfclub UZH &amp; ETHZ","isPartOf":{"@id":"https:\/\/gcuzhethz.ch\/#website"},"datePublished":"2019-11-03T00:38:09+00:00","dateModified":"2025-11-09T11:28:57+00:00","description":"Anmeldung zum Golfclub UZH & ETHZ als Neumitglied. Tritt \u00fcber 100 anderen bei und nehme an spannenden und lustigen Golf-Events teil!","breadcrumb":{"@id":"https:\/\/gcuzhethz.ch\/anmeldung\/#breadcrumb"},"inLanguage":"en-GB","potentialAction":[{"@type":"ReadAction","target":["https:\/\/gcuzhethz.ch\/anmeldung\/"]}]},{"@type":"BreadcrumbList","@id":"https:\/\/gcuzhethz.ch\/anmeldung\/#breadcrumb","itemListElement":[{"@type":"ListItem","position":1,"name":"Startseite","item":"https:\/\/gcuzhethz.ch\/"},{"@type":"ListItem","position":2,"name":"Anmeldung"}]},{"@type":"WebSite","@id":"https:\/\/gcuzhethz.ch\/#website","url":"https:\/\/gcuzhethz.ch\/","name":"Golfclub UZH &amp; ETHZ","description":"Golfclub der Universit\u00e4t Z\u00fcrich und ETH Z\u00fcrich","publisher":{"@id":"https:\/\/gcuzhethz.ch\/#organization"},"alternateName":"Golfclub UZH und ETHZ","potentialAction":[{"@type":"SearchAction","target":{"@type":"EntryPoint","urlTemplate":"https:\/\/gcuzhethz.ch\/?s={search_term_string}"},"query-input":{"@type":"PropertyValueSpecification","valueRequired":true,"valueName":"search_term_string"}}],"inLanguage":"en-GB"},{"@type":"Organization","@id":"https:\/\/gcuzhethz.ch\/#organization","name":"Golfclub UZH &amp; ETHZ","alternateName":"Golfclub UZH und ETHZ","url":"https:\/\/gcuzhethz.ch\/","logo":{"@type":"ImageObject","inLanguage":"en-GB","@id":"https:\/\/gcuzhethz.ch\/#\/schema\/logo\/image\/","url":"https:\/\/gcuzhethz.ch\/wp-content\/uploads\/cropped-Logo_header-2.png","contentUrl":"https:\/\/gcuzhethz.ch\/wp-content\/uploads\/cropped-Logo_header-2.png","width":240,"height":96,"caption":"Golfclub UZH &amp; ETHZ"},"image":{"@id":"https:\/\/gcuzhethz.ch\/#\/schema\/logo\/image\/"},"sameAs":["https:\/\/www.facebook.com\/groups\/22892818878\/","https:\/\/www.instagram.com\/golfclubuzhethz\/"]}]}},"_links":{"self":[{"href":"https:\/\/gcuzhethz.ch\/en\/wp-json\/wp\/v2\/pages\/2716","targetHints":{"allow":["GET"]}}],"collection":[{"href":"https:\/\/gcuzhethz.ch\/en\/wp-json\/wp\/v2\/pages"}],"about":[{"href":"https:\/\/gcuzhethz.ch\/en\/wp-json\/wp\/v2\/types\/page"}],"author":[{"embeddable":true,"href":"https:\/\/gcuzhethz.ch\/en\/wp-json\/wp\/v2\/users\/1"}],"replies":[{"embeddable":true,"href":"https:\/\/gcuzhethz.ch\/en\/wp-json\/wp\/v2\/comments?post=2716"}],"version-history":[{"count":8,"href":"https:\/\/gcuzhethz.ch\/en\/wp-json\/wp\/v2\/pages\/2716\/revisions"}],"predecessor-version":[{"id":5525,"href":"https:\/\/gcuzhethz.ch\/en\/wp-json\/wp\/v2\/pages\/2716\/revisions\/5525"}],"wp:attachment":[{"href":"https:\/\/gcuzhethz.ch\/en\/wp-json\/wp\/v2\/media?parent=2716"}],"curies":[{"name":"wp","href":"https:\/\/api.w.org\/{rel}","templated":true}]}}