{"id":2714,"date":"2025-06-11T20:00:38","date_gmt":"2025-06-11T18:00:38","guid":{"rendered":"http:\/\/www.golfclub.uzh.ch\/?page_id=2714"},"modified":"2026-02-24T19:07:02","modified_gmt":"2026-02-24T18:07:02","slug":"der-vorstand","status":"publish","type":"page","link":"https:\/\/gcuzhethz.ch\/en\/der-vorstand\/","title":{"rendered":"The Board"},"content":{"rendered":"<div class=\"tmm tmm_vorstand-2025-2026\"><div class=\"tmm_4_columns tmm_wrap tmm_theme_f\"><span class=\"tmm_two_containers_tablet\"><\/span><div class=\"tmm_container\"><div class=\"tmm_member\" style=\"border-top:#333333 solid 5px;\"><div class=\"tmm_textblock\"><div class=\"tmm_names\"><span class=\"tmm_fname\">Friedrich<\/span> <span class=\"tmm_lname\">Rockenbauer<\/span><\/div><div class=\"tmm_job\">President<\/div><div class=\"tmm_desc\" style=\"text-align:\"><p>Aerospace Engineering\u00a0\u00a0<br \/>\u00a0<br \/><strong>Handicap:<\/strong> 32.2<br \/><strong>Home Club<\/strong> GC Linz St. Florian\u00a0<br \/>\u00a0<br \/>info@gcuzhethz.ch<\/p><\/div><div class=\"tmm_scblock\"><\/div><\/div><\/div><div class=\"tmm_member\" style=\"border-top:#333333 solid 5px;\"><div class=\"tmm_textblock\"><div class=\"tmm_names\"><span class=\"tmm_fname\">Axelle<\/span> <span class=\"tmm_lname\">Wille<\/span><\/div><div class=\"tmm_job\">Vice president<\/div><div class=\"tmm_desc\" style=\"text-align:\"><p>Biochemie ETH\u00a0<br \/>\u00a0 <br \/><strong>Handicap:<\/strong> +0.5<br \/><strong>Home Club<\/strong> Stuttgarter Golf Club Solitude<br \/>\u00a0<br \/>info@gcuzhethz.ch<\/p><\/div><div class=\"tmm_scblock\"><\/div><\/div><\/div><span class=\"tmm_two_containers_tablet\"><\/span><div class=\"tmm_member\" style=\"border-top:#333333 solid 5px;\"><div class=\"tmm_textblock\"><div class=\"tmm_names\"><span class=\"tmm_fname\">Michael<\/span> <span class=\"tmm_lname\">Frick<\/span><\/div><div class=\"tmm_job\">Treasurer<\/div><div class=\"tmm_desc\" style=\"text-align:\"><p>Mechanical Engineering ETH\u00a0<br \/><strong>\u00a0<br \/><\/strong><strong>Handicap:<\/strong> 5.2<br \/><strong>Home Club<\/strong> Golf Saint Apollinaire\u00a0\u00a0 <br \/>\u00a0<br \/>qu\u00e4stur@gcuzhethz.ch<\/p><\/div><div class=\"tmm_scblock\"><\/div><\/div><\/div><div class=\"tmm_member\" style=\"border-top:#333333 solid 5px;\"><div class=\"tmm_photo tmm_pic_vorstand-2025-2026_3\" style=\"background: url(https:\/\/gcuzhethz.ch\/wp-content\/uploads\/Nick_Hesselbach.jpeg); margin-left: auto; margin-right:auto; background-size:cover !important;\"><\/div><div class=\"tmm_textblock\"><div class=\"tmm_names\"><span class=\"tmm_fname\">Nick<\/span> <span class=\"tmm_lname\">Hesselbach<\/span><\/div><div class=\"tmm_job\">Membership affairs<\/div><div class=\"tmm_desc\" style=\"text-align:\"><p>Civil Engineering ETH\u00a0\u00a0<br \/>\u00a0<br \/><strong>Handicap:<\/strong> 4.6<br \/><strong>Home Club<\/strong> Golf-Club Konstanz e.V.<br \/>\u00a0 \u00a0<br \/>info@gcuzhethz.ch<\/p><\/div><div class=\"tmm_scblock\"><\/div><\/div><\/div><span class=\"tmm_two_containers_tablet\"><\/span><\/div><span class=\"tmm_columns_containers_desktop\"><\/span><div class=\"tmm_container\"><div class=\"tmm_member\" style=\"border-top:#333333 solid 5px;\"><div class=\"tmm_photo tmm_pic_vorstand-2025-2026_4\" style=\"background: url(https:\/\/gcuzhethz.ch\/wp-content\/uploads\/Profilbild_Janne.png); margin-left: auto; margin-right:auto; background-size:cover !important;\"><\/div><div class=\"tmm_textblock\"><div class=\"tmm_names\"><span class=\"tmm_fname\">Janne<\/span> <span class=\"tmm_lname\">Berger<\/span><\/div><div class=\"tmm_job\">Social Media \/ PR<\/div><div class=\"tmm_desc\" style=\"text-align:\"><p>Bioinformatics ETH\/UZH\/UNIBas\u00a0\u00a0<br \/>\u00a0<br \/><strong>Handicap:<\/strong> 19.2<br \/><strong>Home Club<\/strong> GC Ortenau \u00a0<br \/>\u00a0<br \/>info@gcuzhethz.ch<\/p><\/div><div class=\"tmm_scblock\"><\/div><\/div><\/div><div class=\"tmm_member\" style=\"border-top:#333333 solid 5px;\"><div class=\"tmm_photo tmm_pic_vorstand-2025-2026_5\" style=\"background: url(https:\/\/gcuzhethz.ch\/wp-content\/uploads\/Profilbild_Julius.png); margin-left: auto; margin-right:auto; background-size:cover !important;\"><\/div><div class=\"tmm_textblock\"><div class=\"tmm_names\"><span class=\"tmm_fname\">Julius<\/span> <span class=\"tmm_lname\">K\u00f6nig<\/span><\/div><div class=\"tmm_job\">Sponsoring \/ ER &amp; Merchandise<\/div><div class=\"tmm_desc\" style=\"text-align:\"><p>Mechanical Engineering ETH\u00a0\u00a0<br \/>\u00a0<br \/><strong>Handicap:<\/strong> 24.6<br \/><strong>Home Club<\/strong> K\u00f6lner Golfclub \u00a0<br \/>\u00a0<br \/>er@gcuzhethz.ch<\/p><\/div><div class=\"tmm_scblock\"><\/div><\/div><\/div><span class=\"tmm_two_containers_tablet\"><\/span><div class=\"tmm_member\" style=\"border-top:#333333 solid 5px;\"><div class=\"tmm_photo tmm_pic_vorstand-2025-2026_6\" style=\"background: url(https:\/\/gcuzhethz.ch\/wp-content\/uploads\/Profilbild_JuliusJung-e1771960551667.png); margin-left: auto; margin-right:auto; background-size:cover !important;\"><\/div><div class=\"tmm_textblock\"><div class=\"tmm_names\"><span class=\"tmm_fname\">Julius<\/span> <span class=\"tmm_lname\">Jung<\/span><\/div><div class=\"tmm_job\">IT<\/div><div class=\"tmm_desc\" style=\"text-align:\"><p>Informatik ETH\u00a0\u00a0<br \/>\u00a0<br \/><strong>Handicap:<\/strong> 5.9<br \/><strong>Home Club<\/strong> GC Katharinenhof\u00a0\u00a0<br \/>\u00a0<br \/>it@gcuzhethz.ch<\/p><\/div><div class=\"tmm_scblock\"><\/div><\/div><\/div><div style=\"clear:both;\"><\/div><\/div><\/div><\/div>\n\n\n\n<h2 class=\"wp-block-heading\">Former board members<\/h2>\n\n\n\n<p>We would like to express our sincere thanks to all former board members: <br>Aurelia B\u00fcchel, Erik Jacobsen, Melissa K\u00fchnle, Helena K\u00fchnle, Hanno Hiss, Nina Bleiker, Aja Ruoss, Lukas L\u00e4tsch, Jill Iten, Lukas Lee, Clemens Isert, Reto Rominger, Olivia Birrer, Michele Vitali, Carla Casanova, Laura W\u00fcrzburger, Basil R\u00fcedi, Mirko Richter, Moritz Kellenberger und Eric Schubiger.<\/p>\n\n\n\n<h2 class=\"wp-block-heading\">Weitere Ehrenmitglieder<\/h2>\n\n\n\n<p>Mitglieder, die sich in besonderer Art und Weise f\u00fcr den Verein eingesetzt haben, sei es durch eine Vorstandst\u00e4tigkeit, Sponsoring oder \u00e4hnliches, k\u00f6nnen auf Vorschlag des Vorstandes durch die Generalversammlung zu Ehrenmitgliedern ernannt werden.<\/p>\n\n\n\n<p>Francesco Bianchi<br>Ren\u00e9 Wettstein<br>Stefan Eppenberger<br><br><strong>Remark: <\/strong>Die Liste ist (noch) nicht abschliessend, da noch nicht alle Ehrenmitglieder der Ver\u00f6ffentlichung ihres Namens auf der Webseite zugestimmt haben (Stand 01\/2026).<\/p>","protected":false},"excerpt":{"rendered":"<p>Ehemalige Wir bedanken uns herzlichst bei allen ehemaligen Vorstandsmitgliedern: Aurelia B\u00fcchel, Erik Jacobsen, Melissa K\u00fchnle, Helena K\u00fchnle, Hanno Hiss, Nina Bleiker, Aja Ruoss, Lukas L\u00e4tsch, Jill Iten, Lukas Lee, Clemens &hellip; <a href=\"https:\/\/gcuzhethz.ch\/en\/tmm\/vorstand-2025-2026\/\" class=\"more-link\">Continue reading<span class=\"screen-reader-text\"> &#8222;Vorstand 2025\/2026&#8220;<\/span><\/a><\/p>","protected":false},"author":1,"featured_media":0,"parent":0,"menu_order":0,"comment_status":"closed","ping_status":"closed","template":"","meta":{"footnotes":""},"class_list":["post-2714","page","type-page","status-publish","hentry"],"yoast_head":"<!-- This site is optimized with the Yoast SEO plugin v26.4 - https:\/\/yoast.com\/wordpress\/plugins\/seo\/ -->\n<title>Der Vorstand - Golfclub UZH &amp; ETHZ<\/title>\n<meta name=\"description\" content=\"Der Vorstand des Golfclub UZH &amp; ETHZ.\" \/>\n<meta name=\"robots\" content=\"index, follow, max-snippet:-1, max-image-preview:large, max-video-preview:-1\" \/>\n<link rel=\"canonical\" href=\"https:\/\/gcuzhethz.ch\/en\/der-vorstand\/\" \/>\n<meta property=\"og:locale\" content=\"en_GB\" \/>\n<meta property=\"og:type\" content=\"article\" \/>\n<meta property=\"og:title\" content=\"Der Vorstand - Golfclub UZH &amp; ETHZ\" \/>\n<meta property=\"og:description\" content=\"Der Vorstand des Golfclub UZH &amp; ETHZ.\" \/>\n<meta property=\"og:url\" content=\"https:\/\/gcuzhethz.ch\/en\/der-vorstand\/\" \/>\n<meta property=\"og:site_name\" content=\"Golfclub UZH &amp; ETHZ\" \/>\n<meta property=\"article:publisher\" content=\"https:\/\/www.facebook.com\/groups\/22892818878\/\" \/>\n<meta property=\"article:modified_time\" content=\"2026-02-24T18:07:02+00:00\" \/>\n<meta property=\"og:image\" content=\"https:\/\/gcuzhethz.ch\/wp-content\/uploads\/Logo_1200x675.png\" \/>\n\t<meta property=\"og:image:width\" content=\"1200\" \/>\n\t<meta property=\"og:image:height\" content=\"675\" \/>\n\t<meta property=\"og:image:type\" content=\"image\/png\" \/>\n<meta name=\"twitter:card\" content=\"summary_large_image\" \/>\n<meta name=\"twitter:label1\" content=\"Estimated reading time\" \/>\n\t<meta name=\"twitter:data1\" content=\"1 minute\" \/>\n<script type=\"application\/ld+json\" class=\"yoast-schema-graph\">{\"@context\":\"https:\/\/schema.org\",\"@graph\":[{\"@type\":\"WebPage\",\"@id\":\"https:\/\/gcuzhethz.ch\/der-vorstand\/\",\"url\":\"https:\/\/gcuzhethz.ch\/der-vorstand\/\",\"name\":\"Der Vorstand - Golfclub UZH &amp; ETHZ\",\"isPartOf\":{\"@id\":\"https:\/\/gcuzhethz.ch\/#website\"},\"datePublished\":\"2025-06-11T18:00:38+00:00\",\"dateModified\":\"2026-02-24T18:07:02+00:00\",\"description\":\"Der Vorstand des Golfclub UZH & ETHZ.\",\"breadcrumb\":{\"@id\":\"https:\/\/gcuzhethz.ch\/der-vorstand\/#breadcrumb\"},\"inLanguage\":\"en-GB\",\"potentialAction\":[{\"@type\":\"ReadAction\",\"target\":[\"https:\/\/gcuzhethz.ch\/der-vorstand\/\"]}]},{\"@type\":\"BreadcrumbList\",\"@id\":\"https:\/\/gcuzhethz.ch\/der-vorstand\/#breadcrumb\",\"itemListElement\":[{\"@type\":\"ListItem\",\"position\":1,\"name\":\"Startseite\",\"item\":\"https:\/\/gcuzhethz.ch\/\"},{\"@type\":\"ListItem\",\"position\":2,\"name\":\"Der Vorstand\"}]},{\"@type\":\"WebSite\",\"@id\":\"https:\/\/gcuzhethz.ch\/#website\",\"url\":\"https:\/\/gcuzhethz.ch\/\",\"name\":\"Golfclub UZH &amp; ETHZ\",\"description\":\"Golfclub der Universit\u00e4t Z\u00fcrich und ETH Z\u00fcrich\",\"publisher\":{\"@id\":\"https:\/\/gcuzhethz.ch\/#organization\"},\"alternateName\":\"Golfclub UZH und ETHZ\",\"potentialAction\":[{\"@type\":\"SearchAction\",\"target\":{\"@type\":\"EntryPoint\",\"urlTemplate\":\"https:\/\/gcuzhethz.ch\/?s={search_term_string}\"},\"query-input\":{\"@type\":\"PropertyValueSpecification\",\"valueRequired\":true,\"valueName\":\"search_term_string\"}}],\"inLanguage\":\"en-GB\"},{\"@type\":\"Organization\",\"@id\":\"https:\/\/gcuzhethz.ch\/#organization\",\"name\":\"Golfclub UZH &amp; ETHZ\",\"alternateName\":\"Golfclub UZH und ETHZ\",\"url\":\"https:\/\/gcuzhethz.ch\/\",\"logo\":{\"@type\":\"ImageObject\",\"inLanguage\":\"en-GB\",\"@id\":\"https:\/\/gcuzhethz.ch\/#\/schema\/logo\/image\/\",\"url\":\"https:\/\/gcuzhethz.ch\/wp-content\/uploads\/cropped-Logo_header-2.png\",\"contentUrl\":\"https:\/\/gcuzhethz.ch\/wp-content\/uploads\/cropped-Logo_header-2.png\",\"width\":240,\"height\":96,\"caption\":\"Golfclub UZH &amp; ETHZ\"},\"image\":{\"@id\":\"https:\/\/gcuzhethz.ch\/#\/schema\/logo\/image\/\"},\"sameAs\":[\"https:\/\/www.facebook.com\/groups\/22892818878\/\",\"https:\/\/www.instagram.com\/golfclubuzhethz\/\"]}]}<\/script>\n<!-- \/ Yoast SEO plugin. -->","yoast_head_json":{"title":"Der Vorstand - Golfclub UZH &amp; ETHZ","description":"Der Vorstand des Golfclub UZH & ETHZ.","robots":{"index":"index","follow":"follow","max-snippet":"max-snippet:-1","max-image-preview":"max-image-preview:large","max-video-preview":"max-video-preview:-1"},"canonical":"https:\/\/gcuzhethz.ch\/en\/der-vorstand\/","og_locale":"en_GB","og_type":"article","og_title":"Der Vorstand - Golfclub UZH &amp; ETHZ","og_description":"Der Vorstand des Golfclub UZH & ETHZ.","og_url":"https:\/\/gcuzhethz.ch\/en\/der-vorstand\/","og_site_name":"Golfclub UZH &amp; ETHZ","article_publisher":"https:\/\/www.facebook.com\/groups\/22892818878\/","article_modified_time":"2026-02-24T18:07:02+00:00","og_image":[{"width":1200,"height":675,"url":"https:\/\/gcuzhethz.ch\/wp-content\/uploads\/Logo_1200x675.png","type":"image\/png"}],"twitter_card":"summary_large_image","twitter_misc":{"Estimated reading time":"1 minute"},"schema":{"@context":"https:\/\/schema.org","@graph":[{"@type":"WebPage","@id":"https:\/\/gcuzhethz.ch\/der-vorstand\/","url":"https:\/\/gcuzhethz.ch\/der-vorstand\/","name":"Der Vorstand - Golfclub UZH &amp; ETHZ","isPartOf":{"@id":"https:\/\/gcuzhethz.ch\/#website"},"datePublished":"2025-06-11T18:00:38+00:00","dateModified":"2026-02-24T18:07:02+00:00","description":"Der Vorstand des Golfclub UZH & ETHZ.","breadcrumb":{"@id":"https:\/\/gcuzhethz.ch\/der-vorstand\/#breadcrumb"},"inLanguage":"en-GB","potentialAction":[{"@type":"ReadAction","target":["https:\/\/gcuzhethz.ch\/der-vorstand\/"]}]},{"@type":"BreadcrumbList","@id":"https:\/\/gcuzhethz.ch\/der-vorstand\/#breadcrumb","itemListElement":[{"@type":"ListItem","position":1,"name":"Startseite","item":"https:\/\/gcuzhethz.ch\/"},{"@type":"ListItem","position":2,"name":"Der Vorstand"}]},{"@type":"WebSite","@id":"https:\/\/gcuzhethz.ch\/#website","url":"https:\/\/gcuzhethz.ch\/","name":"Golfclub UZH &amp; ETHZ","description":"Golfclub der Universit\u00e4t Z\u00fcrich und ETH Z\u00fcrich","publisher":{"@id":"https:\/\/gcuzhethz.ch\/#organization"},"alternateName":"Golfclub UZH und ETHZ","potentialAction":[{"@type":"SearchAction","target":{"@type":"EntryPoint","urlTemplate":"https:\/\/gcuzhethz.ch\/?s={search_term_string}"},"query-input":{"@type":"PropertyValueSpecification","valueRequired":true,"valueName":"search_term_string"}}],"inLanguage":"en-GB"},{"@type":"Organization","@id":"https:\/\/gcuzhethz.ch\/#organization","name":"Golfclub UZH &amp; ETHZ","alternateName":"Golfclub UZH und ETHZ","url":"https:\/\/gcuzhethz.ch\/","logo":{"@type":"ImageObject","inLanguage":"en-GB","@id":"https:\/\/gcuzhethz.ch\/#\/schema\/logo\/image\/","url":"https:\/\/gcuzhethz.ch\/wp-content\/uploads\/cropped-Logo_header-2.png","contentUrl":"https:\/\/gcuzhethz.ch\/wp-content\/uploads\/cropped-Logo_header-2.png","width":240,"height":96,"caption":"Golfclub UZH &amp; ETHZ"},"image":{"@id":"https:\/\/gcuzhethz.ch\/#\/schema\/logo\/image\/"},"sameAs":["https:\/\/www.facebook.com\/groups\/22892818878\/","https:\/\/www.instagram.com\/golfclubuzhethz\/"]}]}},"_links":{"self":[{"href":"https:\/\/gcuzhethz.ch\/en\/wp-json\/wp\/v2\/pages\/2714","targetHints":{"allow":["GET"]}}],"collection":[{"href":"https:\/\/gcuzhethz.ch\/en\/wp-json\/wp\/v2\/pages"}],"about":[{"href":"https:\/\/gcuzhethz.ch\/en\/wp-json\/wp\/v2\/types\/page"}],"author":[{"embeddable":true,"href":"https:\/\/gcuzhethz.ch\/en\/wp-json\/wp\/v2\/users\/1"}],"replies":[{"embeddable":true,"href":"https:\/\/gcuzhethz.ch\/en\/wp-json\/wp\/v2\/comments?post=2714"}],"version-history":[{"count":21,"href":"https:\/\/gcuzhethz.ch\/en\/wp-json\/wp\/v2\/pages\/2714\/revisions"}],"predecessor-version":[{"id":5778,"href":"https:\/\/gcuzhethz.ch\/en\/wp-json\/wp\/v2\/pages\/2714\/revisions\/5778"}],"wp:attachment":[{"href":"https:\/\/gcuzhethz.ch\/en\/wp-json\/wp\/v2\/media?parent=2714"}],"curies":[{"name":"wp","href":"https:\/\/api.w.org\/{rel}","templated":true}]}}