{"id":2707,"date":"2019-11-03T01:35:44","date_gmt":"2019-11-03T00:35:44","guid":{"rendered":"http:\/\/www.golfclub.uzh.ch\/?page_id=2707"},"modified":"2025-08-23T17:52:02","modified_gmt":"2025-08-23T15:52:02","slug":"sponsoren-partner","status":"publish","type":"page","link":"https:\/\/gcuzhethz.ch\/en\/sponsoren-partner\/","title":{"rendered":"Sponsors \/ Partners"},"content":{"rendered":"<h3 class=\"wp-block-heading\">Sponsors<\/h3>\n\n\n\n<figure class=\"wp-block-image size-full\"><a href=\"https:\/\/golfersparadise.ch\/\" target=\"_blank\" rel=\"noreferrer noopener\"><img loading=\"lazy\" decoding=\"async\" width=\"623\" height=\"67\" src=\"https:\/\/gcuzhethz.ch\/wp-content\/uploads\/golfers_paradise_logo.png\" alt=\"\" class=\"wp-image-4367\" srcset=\"https:\/\/gcuzhethz.ch\/wp-content\/uploads\/golfers_paradise_logo.png 623w, https:\/\/gcuzhethz.ch\/wp-content\/uploads\/golfers_paradise_logo-300x32.png 300w, https:\/\/gcuzhethz.ch\/wp-content\/uploads\/golfers_paradise_logo-18x2.png 18w\" sizes=\"auto, (max-width: 623px) 85vw, 623px\" \/><\/a><\/figure>\n\n\n\n<div class=\"wp-block-group\"><div class=\"wp-block-group__inner-container is-layout-constrained wp-block-group-is-layout-constrained\">\n<figure class=\"wp-block-image size-full is-resized\"><a href=\"https:\/\/www.mobiliar.ch\/generalagenturen\/basel\" target=\"_blank\" rel=\"noreferrer noopener\"><img loading=\"lazy\" decoding=\"async\" width=\"1482\" height=\"332\" src=\"https:\/\/gcuzhethz.ch\/wp-content\/uploads\/Bildschirmfoto-2025-08-23-um-17.47.42.png\" alt=\"\" class=\"wp-image-5324\" style=\"width:619px;height:auto\" srcset=\"https:\/\/gcuzhethz.ch\/wp-content\/uploads\/Bildschirmfoto-2025-08-23-um-17.47.42.png 1482w, https:\/\/gcuzhethz.ch\/wp-content\/uploads\/Bildschirmfoto-2025-08-23-um-17.47.42-300x67.png 300w, https:\/\/gcuzhethz.ch\/wp-content\/uploads\/Bildschirmfoto-2025-08-23-um-17.47.42-1024x229.png 1024w, https:\/\/gcuzhethz.ch\/wp-content\/uploads\/Bildschirmfoto-2025-08-23-um-17.47.42-768x172.png 768w, https:\/\/gcuzhethz.ch\/wp-content\/uploads\/Bildschirmfoto-2025-08-23-um-17.47.42-18x4.png 18w, https:\/\/gcuzhethz.ch\/wp-content\/uploads\/Bildschirmfoto-2025-08-23-um-17.47.42-1200x269.png 1200w\" sizes=\"auto, (max-width: 709px) 85vw, (max-width: 909px) 67vw, (max-width: 1362px) 62vw, 840px\" \/><\/a><\/figure>\n\n\n\n<figure class=\"wp-block-image size-full is-resized\"><a href=\"https:\/\/www.keune.ch\/de\/home\" target=\"_blank\" rel=\"noreferrer noopener\"><img loading=\"lazy\" decoding=\"async\" width=\"1280\" height=\"627\" src=\"https:\/\/gcuzhethz.ch\/wp-content\/uploads\/keune-logo.png\" alt=\"\" class=\"wp-image-5166\" style=\"width:287px;height:auto\" srcset=\"https:\/\/gcuzhethz.ch\/wp-content\/uploads\/keune-logo.png 1280w, https:\/\/gcuzhethz.ch\/wp-content\/uploads\/keune-logo-300x147.png 300w, https:\/\/gcuzhethz.ch\/wp-content\/uploads\/keune-logo-1024x502.png 1024w, https:\/\/gcuzhethz.ch\/wp-content\/uploads\/keune-logo-768x376.png 768w, https:\/\/gcuzhethz.ch\/wp-content\/uploads\/keune-logo-18x9.png 18w, https:\/\/gcuzhethz.ch\/wp-content\/uploads\/keune-logo-1200x588.png 1200w\" sizes=\"auto, (max-width: 709px) 85vw, (max-width: 909px) 67vw, (max-width: 1362px) 62vw, 840px\" \/><\/a><\/figure>\n\n\n\n<figure class=\"wp-block-image size-full is-resized\"><a href=\"https:\/\/inovadental.ch\/\" target=\"_blank\" rel=\"noreferrer noopener\"><img loading=\"lazy\" decoding=\"async\" width=\"1490\" height=\"236\" src=\"https:\/\/gcuzhethz.ch\/wp-content\/uploads\/Bildschirmfoto-2025-08-23-um-17.38.16.png\" alt=\"\" class=\"wp-image-5315\" style=\"width:593px;height:auto\" srcset=\"https:\/\/gcuzhethz.ch\/wp-content\/uploads\/Bildschirmfoto-2025-08-23-um-17.38.16.png 1490w, https:\/\/gcuzhethz.ch\/wp-content\/uploads\/Bildschirmfoto-2025-08-23-um-17.38.16-300x48.png 300w, https:\/\/gcuzhethz.ch\/wp-content\/uploads\/Bildschirmfoto-2025-08-23-um-17.38.16-1024x162.png 1024w, https:\/\/gcuzhethz.ch\/wp-content\/uploads\/Bildschirmfoto-2025-08-23-um-17.38.16-768x122.png 768w, https:\/\/gcuzhethz.ch\/wp-content\/uploads\/Bildschirmfoto-2025-08-23-um-17.38.16-18x3.png 18w, https:\/\/gcuzhethz.ch\/wp-content\/uploads\/Bildschirmfoto-2025-08-23-um-17.38.16-1200x190.png 1200w\" sizes=\"auto, (max-width: 709px) 85vw, (max-width: 909px) 67vw, (max-width: 1362px) 62vw, 840px\" \/><\/a><\/figure>\n\n\n\n<figure class=\"wp-block-image size-full is-resized\"><a href=\"https:\/\/gcuzhethz.ch\/en\/sponsoren-partner\/screenshot-3\/\"><img loading=\"lazy\" decoding=\"async\" width=\"1040\" height=\"1490\" src=\"https:\/\/gcuzhethz.ch\/wp-content\/uploads\/iNova-Flyer.jpg\" alt=\"\" class=\"wp-image-5328\" style=\"width:269px;height:auto\" srcset=\"https:\/\/gcuzhethz.ch\/wp-content\/uploads\/iNova-Flyer.jpg 1040w, https:\/\/gcuzhethz.ch\/wp-content\/uploads\/iNova-Flyer-209x300.jpg 209w, https:\/\/gcuzhethz.ch\/wp-content\/uploads\/iNova-Flyer-715x1024.jpg 715w, https:\/\/gcuzhethz.ch\/wp-content\/uploads\/iNova-Flyer-768x1100.jpg 768w, https:\/\/gcuzhethz.ch\/wp-content\/uploads\/iNova-Flyer-8x12.jpg 8w\" sizes=\"auto, (max-width: 709px) 85vw, (max-width: 909px) 67vw, (max-width: 1362px) 62vw, 840px\" \/><\/a><\/figure>\n<\/div><\/div>\n\n\n\n<div class=\"wp-block-group\"><div class=\"wp-block-group__inner-container is-layout-constrained wp-block-group-is-layout-constrained\">\n<div class=\"wp-block-columns is-layout-flex wp-container-core-columns-is-layout-9d6595d7 wp-block-columns-is-layout-flex\">\n<div class=\"wp-block-column is-layout-flow wp-block-column-is-layout-flow\">\n<div class=\"wp-block-columns is-layout-flex wp-container-core-columns-is-layout-9d6595d7 wp-block-columns-is-layout-flex\">\n<div class=\"wp-block-column is-layout-flow wp-block-column-is-layout-flow\">\n<figure class=\"wp-block-image size-large is-resized\"><a href=\"https:\/\/www.chiefslife.com\/de-ch\/\" target=\"_blank\" rel=\"noreferrer noopener\"><img loading=\"lazy\" decoding=\"async\" width=\"400\" height=\"400\" src=\"https:\/\/gcuzhethz.ch\/wp-content\/uploads\/LogoChiefs.png\" alt=\"\" class=\"wp-image-4572\" style=\"width:127px;height:auto\" srcset=\"https:\/\/gcuzhethz.ch\/wp-content\/uploads\/LogoChiefs.png 400w, https:\/\/gcuzhethz.ch\/wp-content\/uploads\/LogoChiefs-300x300.png 300w, https:\/\/gcuzhethz.ch\/wp-content\/uploads\/LogoChiefs-150x150.png 150w, https:\/\/gcuzhethz.ch\/wp-content\/uploads\/LogoChiefs-12x12.png 12w\" sizes=\"auto, (max-width: 400px) 85vw, 400px\" \/><\/a><\/figure>\n<\/div>\n<\/div>\n<\/div>\n<\/div>\n<\/div><\/div>\n\n\n\n<h3 class=\"wp-block-heading\">Umbrella organisations &amp; Partners<\/h3>\n\n\n\n<div class=\"wp-block-columns is-layout-flex wp-container-core-columns-is-layout-9d6595d7 wp-block-columns-is-layout-flex\">\n<div class=\"wp-block-column is-layout-flow wp-block-column-is-layout-flow\">\n<div class=\"wp-block-columns is-layout-flex wp-container-core-columns-is-layout-9d6595d7 wp-block-columns-is-layout-flex\">\n<div class=\"wp-block-column is-layout-flow wp-block-column-is-layout-flow\"><div class=\"wp-block-image\">\n<figure class=\"aligncenter is-resized\"><a href=\"https:\/\/www.uzh.ch\/\" target=\"_blank\" rel=\"noreferrer noopener\"><img loading=\"lazy\" decoding=\"async\" width=\"1024\" height=\"461\" src=\"https:\/\/6602gawxpf.preview.infomaniak.website\/wp-content\/uploads\/UZH-1-1024x461.png\" alt=\"\" class=\"wp-image-2841\" style=\"width:134px;height:60px\" srcset=\"https:\/\/gcuzhethz.ch\/wp-content\/uploads\/UZH-1-1024x461.png 1024w, https:\/\/gcuzhethz.ch\/wp-content\/uploads\/UZH-1-300x135.png 300w, https:\/\/gcuzhethz.ch\/wp-content\/uploads\/UZH-1-768x346.png 768w, https:\/\/gcuzhethz.ch\/wp-content\/uploads\/UZH-1.png 1200w\" sizes=\"auto, (max-width: 709px) 85vw, (max-width: 909px) 67vw, (max-width: 1362px) 62vw, 840px\" \/><\/a><\/figure><\/div><\/div>\n\n\n\n<div class=\"wp-block-column is-layout-flow wp-block-column-is-layout-flow\"><div class=\"wp-block-image\">\n<figure class=\"aligncenter size-large is-resized\"><a href=\"https:\/\/www.vsuzh.ch\/\"><img loading=\"lazy\" decoding=\"async\" width=\"977\" height=\"1024\" src=\"https:\/\/gcuzhethz.ch\/wp-content\/uploads\/VSUZH-Logo-RGB-Schwarz-977x1024.png\" alt=\"\" class=\"wp-image-3677\" style=\"width:70px;height:73px\" srcset=\"https:\/\/gcuzhethz.ch\/wp-content\/uploads\/VSUZH-Logo-RGB-Schwarz-977x1024.png 977w, https:\/\/gcuzhethz.ch\/wp-content\/uploads\/VSUZH-Logo-RGB-Schwarz-286x300.png 286w, https:\/\/gcuzhethz.ch\/wp-content\/uploads\/VSUZH-Logo-RGB-Schwarz-768x805.png 768w, https:\/\/gcuzhethz.ch\/wp-content\/uploads\/VSUZH-Logo-RGB-Schwarz-1465x1536.png 1465w, https:\/\/gcuzhethz.ch\/wp-content\/uploads\/VSUZH-Logo-RGB-Schwarz-1953x2048.png 1953w, https:\/\/gcuzhethz.ch\/wp-content\/uploads\/VSUZH-Logo-RGB-Schwarz-11x12.png 11w, https:\/\/gcuzhethz.ch\/wp-content\/uploads\/VSUZH-Logo-RGB-Schwarz-1200x1258.png 1200w\" sizes=\"auto, (max-width: 709px) 85vw, (max-width: 909px) 67vw, (max-width: 1362px) 62vw, 840px\" \/><\/a><\/figure><\/div><\/div>\n<\/div>\n<\/div>\n\n\n\n<div class=\"wp-block-column is-layout-flow wp-block-column-is-layout-flow\">\n<div class=\"wp-block-columns is-layout-flex wp-container-core-columns-is-layout-9d6595d7 wp-block-columns-is-layout-flex\">\n<div class=\"wp-block-column is-layout-flow wp-block-column-is-layout-flow\"><div class=\"wp-block-image\">\n<figure class=\"aligncenter size-full\"><a href=\"https:\/\/ethz.ch\/de\" target=\"_blank\" rel=\"noreferrer noopener\"><img loading=\"lazy\" decoding=\"async\" width=\"775\" height=\"283\" src=\"https:\/\/6602gawxpf.preview.infomaniak.website\/wp-content\/uploads\/eth_logo_kurz_pos-4.png\" alt=\"\" class=\"wp-image-3541\" srcset=\"https:\/\/gcuzhethz.ch\/wp-content\/uploads\/eth_logo_kurz_pos-4.png 775w, https:\/\/gcuzhethz.ch\/wp-content\/uploads\/eth_logo_kurz_pos-4-300x110.png 300w, https:\/\/gcuzhethz.ch\/wp-content\/uploads\/eth_logo_kurz_pos-4-768x280.png 768w\" sizes=\"auto, (max-width: 775px) 85vw, 775px\" \/><\/a><\/figure><\/div><\/div>\n\n\n\n<div class=\"wp-block-column is-layout-flow wp-block-column-is-layout-flow\"><div class=\"wp-block-image\">\n<figure class=\"aligncenter size-large\"><a href=\"https:\/\/vseth.ethz.ch\/\" target=\"_blank\" rel=\"noreferrer noopener\"><img loading=\"lazy\" decoding=\"async\" width=\"1024\" height=\"363\" src=\"https:\/\/6602gawxpf.preview.infomaniak.website\/wp-content\/uploads\/vseth_Logo_bylines_organisation-1024x363.png\" alt=\"\" class=\"wp-image-3543\" srcset=\"https:\/\/gcuzhethz.ch\/wp-content\/uploads\/vseth_Logo_bylines_organisation-1024x363.png 1024w, https:\/\/gcuzhethz.ch\/wp-content\/uploads\/vseth_Logo_bylines_organisation-300x106.png 300w, https:\/\/gcuzhethz.ch\/wp-content\/uploads\/vseth_Logo_bylines_organisation-768x272.png 768w, https:\/\/gcuzhethz.ch\/wp-content\/uploads\/vseth_Logo_bylines_organisation-1536x545.png 1536w, https:\/\/gcuzhethz.ch\/wp-content\/uploads\/vseth_Logo_bylines_organisation-1200x426.png 1200w, https:\/\/gcuzhethz.ch\/wp-content\/uploads\/vseth_Logo_bylines_organisation.png 1833w\" sizes=\"auto, (max-width: 709px) 85vw, (max-width: 909px) 67vw, (max-width: 1362px) 62vw, 840px\" \/><\/a><\/figure><\/div><\/div>\n<\/div>\n<\/div>\n<\/div>\n\n\n\n<div class=\"wp-block-columns is-layout-flex wp-container-core-columns-is-layout-9d6595d7 wp-block-columns-is-layout-flex\">\n<div class=\"wp-block-column is-layout-flow wp-block-column-is-layout-flow\">\n<div class=\"wp-block-columns is-layout-flex wp-container-core-columns-is-layout-9d6595d7 wp-block-columns-is-layout-flex\">\n<div class=\"wp-block-column is-layout-flow wp-block-column-is-layout-flow\">\n<figure class=\"wp-block-image size-large\"><a href=\"https:\/\/asvz.ch\/\" target=\"_blank\" rel=\"noreferrer noopener\"><img loading=\"lazy\" decoding=\"async\" width=\"283\" height=\"106\" src=\"https:\/\/6602gawxpf.preview.infomaniak.website\/wp-content\/uploads\/ASVZ2.jpg\" alt=\"\" class=\"wp-image-3252\"\/><\/a><\/figure>\n<\/div>\n\n\n\n<div class=\"wp-block-column is-layout-flow wp-block-column-is-layout-flow\"><\/div>\n<\/div>\n<\/div>\n\n\n\n<div class=\"wp-block-column is-layout-flow wp-block-column-is-layout-flow\"><\/div>\n<\/div>\n\n\n\n<div class=\"wp-block-columns has-2-columns is-layout-flex wp-container-core-columns-is-layout-9d6595d7 wp-block-columns-is-layout-flex\">\n<div class=\"wp-block-column is-layout-flow wp-block-column-is-layout-flow\">\n<div class=\"wp-block-columns has-2-columns is-layout-flex wp-container-core-columns-is-layout-9d6595d7 wp-block-columns-is-layout-flex\">\n<div class=\"wp-block-column is-layout-flow wp-block-column-is-layout-flow\">\n<figure class=\"wp-block-image size-full\"><a href=\"https:\/\/www.unisgolf.ch\" target=\"_blank\" rel=\"noreferrer noopener\"><img loading=\"lazy\" decoding=\"async\" width=\"400\" height=\"400\" src=\"https:\/\/gcuzhethz.ch\/wp-content\/uploads\/LogoUniSGolf.png\" alt=\"\" class=\"wp-image-4581\" srcset=\"https:\/\/gcuzhethz.ch\/wp-content\/uploads\/LogoUniSGolf.png 400w, https:\/\/gcuzhethz.ch\/wp-content\/uploads\/LogoUniSGolf-300x300.png 300w, https:\/\/gcuzhethz.ch\/wp-content\/uploads\/LogoUniSGolf-150x150.png 150w, https:\/\/gcuzhethz.ch\/wp-content\/uploads\/LogoUniSGolf-12x12.png 12w\" sizes=\"auto, (max-width: 400px) 85vw, 400px\" \/><\/a><\/figure>\n<\/div>\n\n\n\n<div class=\"wp-block-column is-layout-flow wp-block-column-is-layout-flow\">\n<figure class=\"wp-block-image size-full is-resized\"><a href=\"https:\/\/www.facebook.com\/EHLGC\/\" target=\"_blank\" rel=\"noreferrer noopener\"><img loading=\"lazy\" decoding=\"async\" width=\"400\" height=\"400\" src=\"https:\/\/gcuzhethz.ch\/wp-content\/uploads\/LogoEHL.png\" alt=\"\" class=\"wp-image-4587\" style=\"width:132px;height:auto\" srcset=\"https:\/\/gcuzhethz.ch\/wp-content\/uploads\/LogoEHL.png 400w, https:\/\/gcuzhethz.ch\/wp-content\/uploads\/LogoEHL-300x300.png 300w, https:\/\/gcuzhethz.ch\/wp-content\/uploads\/LogoEHL-150x150.png 150w, https:\/\/gcuzhethz.ch\/wp-content\/uploads\/LogoEHL-12x12.png 12w\" sizes=\"auto, (max-width: 400px) 85vw, 400px\" \/><\/a><\/figure>\n<\/div>\n<\/div>\n<\/div>\n\n\n\n<div class=\"wp-block-column is-layout-flow wp-block-column-is-layout-flow\">\n<div class=\"wp-block-columns has-2-columns is-layout-flex wp-container-core-columns-is-layout-9d6595d7 wp-block-columns-is-layout-flex\">\n<div class=\"wp-block-column is-layout-flow wp-block-column-is-layout-flow\">\n<figure class=\"wp-block-image size-full\"><a href=\"https:\/\/www.facebook.com\/euga.ch\/\" target=\"_blank\" rel=\"noreferrer noopener\"><img loading=\"lazy\" decoding=\"async\" width=\"400\" height=\"400\" src=\"https:\/\/gcuzhethz.ch\/wp-content\/uploads\/LogoEUGA-1.png\" alt=\"\" class=\"wp-image-4585\" srcset=\"https:\/\/gcuzhethz.ch\/wp-content\/uploads\/LogoEUGA-1.png 400w, https:\/\/gcuzhethz.ch\/wp-content\/uploads\/LogoEUGA-1-300x300.png 300w, https:\/\/gcuzhethz.ch\/wp-content\/uploads\/LogoEUGA-1-150x150.png 150w, https:\/\/gcuzhethz.ch\/wp-content\/uploads\/LogoEUGA-1-12x12.png 12w\" sizes=\"auto, (max-width: 400px) 85vw, 400px\" \/><\/a><\/figure>\n<\/div>\n\n\n\n<div class=\"wp-block-column is-layout-flow wp-block-column-is-layout-flow\"><\/div>\n<\/div>\n\n\n\n<p><\/p>\n<\/div>\n<\/div>\n\n\n\n<div class=\"wp-block-columns is-layout-flex wp-container-core-columns-is-layout-9d6595d7 wp-block-columns-is-layout-flex\">\n<div class=\"wp-block-column is-layout-flow wp-block-column-is-layout-flow\">\n<div class=\"wp-block-columns is-layout-flex wp-container-core-columns-is-layout-9d6595d7 wp-block-columns-is-layout-flex\">\n<div class=\"wp-block-column is-layout-flow wp-block-column-is-layout-flow\"><\/div>\n\n\n\n<div class=\"wp-block-column is-layout-flow wp-block-column-is-layout-flow\"><\/div>\n<\/div>\n<\/div>\n\n\n\n<div class=\"wp-block-column is-layout-flow wp-block-column-is-layout-flow\">\n<div class=\"wp-block-columns is-layout-flex wp-container-core-columns-is-layout-9d6595d7 wp-block-columns-is-layout-flex\">\n<div class=\"wp-block-column is-layout-flow wp-block-column-is-layout-flow\"><\/div>\n\n\n\n<div class=\"wp-block-column is-layout-flow wp-block-column-is-layout-flow\"><\/div>\n<\/div>\n<\/div>\n<\/div>\n\n\n\n<p>You would like to work with us? Get in touch at <strong>er@gcuzhethz.ch<\/strong><\/p>\n\n\n<span><\/span>","protected":false},"excerpt":{"rendered":"<p>Sponsoren Dachverb\u00e4nde &amp; Partner Du m\u00f6chtest mit uns zusammenarbeiten? Melde dich unter er@gcuzhethz.ch<\/p>","protected":false},"author":1,"featured_media":0,"parent":0,"menu_order":0,"comment_status":"closed","ping_status":"closed","template":"","meta":{"footnotes":""},"class_list":["post-2707","page","type-page","status-publish","hentry"],"yoast_head":"<!-- This site is optimized with the Yoast SEO plugin v26.4 - https:\/\/yoast.com\/wordpress\/plugins\/seo\/ -->\n<title>Sponsoren \/ Partner - Golfclub UZH &amp; ETHZ<\/title>\n<meta name=\"description\" content=\"Sponsoren, Partner und Dachverb\u00e4nde des Golfclub UZH &amp; ETHZ!\" \/>\n<meta name=\"robots\" content=\"index, follow, max-snippet:-1, max-image-preview:large, max-video-preview:-1\" \/>\n<link rel=\"canonical\" href=\"https:\/\/gcuzhethz.ch\/en\/sponsoren-partner\/\" \/>\n<meta property=\"og:locale\" content=\"en_GB\" \/>\n<meta property=\"og:type\" content=\"article\" \/>\n<meta property=\"og:title\" content=\"Sponsoren \/ Partner - Golfclub UZH &amp; ETHZ\" \/>\n<meta property=\"og:description\" content=\"Sponsoren, Partner und Dachverb\u00e4nde des Golfclub UZH &amp; ETHZ!\" \/>\n<meta property=\"og:url\" content=\"https:\/\/gcuzhethz.ch\/en\/sponsoren-partner\/\" \/>\n<meta property=\"og:site_name\" content=\"Golfclub UZH &amp; ETHZ\" \/>\n<meta property=\"article:publisher\" content=\"https:\/\/www.facebook.com\/groups\/22892818878\/\" \/>\n<meta property=\"article:modified_time\" content=\"2025-08-23T15:52:02+00:00\" \/>\n<meta property=\"og:image\" content=\"https:\/\/gcuzhethz.ch\/wp-content\/uploads\/golfers_paradise_logo.png\" \/>\n\t<meta property=\"og:image:width\" content=\"623\" \/>\n\t<meta property=\"og:image:height\" content=\"67\" \/>\n\t<meta property=\"og:image:type\" content=\"image\/png\" \/>\n<meta name=\"twitter:card\" content=\"summary_large_image\" \/>\n<meta name=\"twitter:label1\" content=\"Estimated reading time\" \/>\n\t<meta name=\"twitter:data1\" content=\"3 minutes\" \/>\n<script type=\"application\/ld+json\" class=\"yoast-schema-graph\">{\"@context\":\"https:\/\/schema.org\",\"@graph\":[{\"@type\":\"WebPage\",\"@id\":\"https:\/\/gcuzhethz.ch\/sponsoren-partner\/\",\"url\":\"https:\/\/gcuzhethz.ch\/sponsoren-partner\/\",\"name\":\"Sponsoren \/ Partner - Golfclub UZH &amp; ETHZ\",\"isPartOf\":{\"@id\":\"https:\/\/gcuzhethz.ch\/#website\"},\"primaryImageOfPage\":{\"@id\":\"https:\/\/gcuzhethz.ch\/sponsoren-partner\/#primaryimage\"},\"image\":{\"@id\":\"https:\/\/gcuzhethz.ch\/sponsoren-partner\/#primaryimage\"},\"thumbnailUrl\":\"https:\/\/gcuzhethz.ch\/wp-content\/uploads\/golfers_paradise_logo.png\",\"datePublished\":\"2019-11-03T00:35:44+00:00\",\"dateModified\":\"2025-08-23T15:52:02+00:00\",\"description\":\"Sponsoren, Partner und Dachverb\u00e4nde des Golfclub UZH & ETHZ!\",\"breadcrumb\":{\"@id\":\"https:\/\/gcuzhethz.ch\/sponsoren-partner\/#breadcrumb\"},\"inLanguage\":\"en-GB\",\"potentialAction\":[{\"@type\":\"ReadAction\",\"target\":[\"https:\/\/gcuzhethz.ch\/sponsoren-partner\/\"]}]},{\"@type\":\"ImageObject\",\"inLanguage\":\"en-GB\",\"@id\":\"https:\/\/gcuzhethz.ch\/sponsoren-partner\/#primaryimage\",\"url\":\"https:\/\/gcuzhethz.ch\/wp-content\/uploads\/golfers_paradise_logo.png\",\"contentUrl\":\"https:\/\/gcuzhethz.ch\/wp-content\/uploads\/golfers_paradise_logo.png\"},{\"@type\":\"BreadcrumbList\",\"@id\":\"https:\/\/gcuzhethz.ch\/sponsoren-partner\/#breadcrumb\",\"itemListElement\":[{\"@type\":\"ListItem\",\"position\":1,\"name\":\"Startseite\",\"item\":\"https:\/\/gcuzhethz.ch\/\"},{\"@type\":\"ListItem\",\"position\":2,\"name\":\"Sponsoren \/ Partner\"}]},{\"@type\":\"WebSite\",\"@id\":\"https:\/\/gcuzhethz.ch\/#website\",\"url\":\"https:\/\/gcuzhethz.ch\/\",\"name\":\"Golfclub UZH &amp; ETHZ\",\"description\":\"Golfclub der Universit\u00e4t Z\u00fcrich und ETH Z\u00fcrich\",\"publisher\":{\"@id\":\"https:\/\/gcuzhethz.ch\/#organization\"},\"alternateName\":\"Golfclub UZH und ETHZ\",\"potentialAction\":[{\"@type\":\"SearchAction\",\"target\":{\"@type\":\"EntryPoint\",\"urlTemplate\":\"https:\/\/gcuzhethz.ch\/?s={search_term_string}\"},\"query-input\":{\"@type\":\"PropertyValueSpecification\",\"valueRequired\":true,\"valueName\":\"search_term_string\"}}],\"inLanguage\":\"en-GB\"},{\"@type\":\"Organization\",\"@id\":\"https:\/\/gcuzhethz.ch\/#organization\",\"name\":\"Golfclub UZH &amp; ETHZ\",\"alternateName\":\"Golfclub UZH und ETHZ\",\"url\":\"https:\/\/gcuzhethz.ch\/\",\"logo\":{\"@type\":\"ImageObject\",\"inLanguage\":\"en-GB\",\"@id\":\"https:\/\/gcuzhethz.ch\/#\/schema\/logo\/image\/\",\"url\":\"https:\/\/gcuzhethz.ch\/wp-content\/uploads\/cropped-Logo_header-2.png\",\"contentUrl\":\"https:\/\/gcuzhethz.ch\/wp-content\/uploads\/cropped-Logo_header-2.png\",\"width\":240,\"height\":96,\"caption\":\"Golfclub UZH &amp; ETHZ\"},\"image\":{\"@id\":\"https:\/\/gcuzhethz.ch\/#\/schema\/logo\/image\/\"},\"sameAs\":[\"https:\/\/www.facebook.com\/groups\/22892818878\/\",\"https:\/\/www.instagram.com\/golfclubuzhethz\/\"]}]}<\/script>\n<!-- \/ Yoast SEO plugin. -->","yoast_head_json":{"title":"Sponsoren \/ Partner - Golfclub UZH &amp; ETHZ","description":"Sponsoren, Partner und Dachverb\u00e4nde des Golfclub UZH & ETHZ!","robots":{"index":"index","follow":"follow","max-snippet":"max-snippet:-1","max-image-preview":"max-image-preview:large","max-video-preview":"max-video-preview:-1"},"canonical":"https:\/\/gcuzhethz.ch\/en\/sponsoren-partner\/","og_locale":"en_GB","og_type":"article","og_title":"Sponsoren \/ Partner - Golfclub UZH &amp; ETHZ","og_description":"Sponsoren, Partner und Dachverb\u00e4nde des Golfclub UZH & ETHZ!","og_url":"https:\/\/gcuzhethz.ch\/en\/sponsoren-partner\/","og_site_name":"Golfclub UZH &amp; ETHZ","article_publisher":"https:\/\/www.facebook.com\/groups\/22892818878\/","article_modified_time":"2025-08-23T15:52:02+00:00","og_image":[{"width":623,"height":67,"url":"https:\/\/gcuzhethz.ch\/wp-content\/uploads\/golfers_paradise_logo.png","type":"image\/png"}],"twitter_card":"summary_large_image","twitter_misc":{"Estimated reading time":"3 minutes"},"schema":{"@context":"https:\/\/schema.org","@graph":[{"@type":"WebPage","@id":"https:\/\/gcuzhethz.ch\/sponsoren-partner\/","url":"https:\/\/gcuzhethz.ch\/sponsoren-partner\/","name":"Sponsoren \/ Partner - Golfclub UZH &amp; ETHZ","isPartOf":{"@id":"https:\/\/gcuzhethz.ch\/#website"},"primaryImageOfPage":{"@id":"https:\/\/gcuzhethz.ch\/sponsoren-partner\/#primaryimage"},"image":{"@id":"https:\/\/gcuzhethz.ch\/sponsoren-partner\/#primaryimage"},"thumbnailUrl":"https:\/\/gcuzhethz.ch\/wp-content\/uploads\/golfers_paradise_logo.png","datePublished":"2019-11-03T00:35:44+00:00","dateModified":"2025-08-23T15:52:02+00:00","description":"Sponsoren, Partner und Dachverb\u00e4nde des Golfclub UZH & ETHZ!","breadcrumb":{"@id":"https:\/\/gcuzhethz.ch\/sponsoren-partner\/#breadcrumb"},"inLanguage":"en-GB","potentialAction":[{"@type":"ReadAction","target":["https:\/\/gcuzhethz.ch\/sponsoren-partner\/"]}]},{"@type":"ImageObject","inLanguage":"en-GB","@id":"https:\/\/gcuzhethz.ch\/sponsoren-partner\/#primaryimage","url":"https:\/\/gcuzhethz.ch\/wp-content\/uploads\/golfers_paradise_logo.png","contentUrl":"https:\/\/gcuzhethz.ch\/wp-content\/uploads\/golfers_paradise_logo.png"},{"@type":"BreadcrumbList","@id":"https:\/\/gcuzhethz.ch\/sponsoren-partner\/#breadcrumb","itemListElement":[{"@type":"ListItem","position":1,"name":"Startseite","item":"https:\/\/gcuzhethz.ch\/"},{"@type":"ListItem","position":2,"name":"Sponsoren \/ Partner"}]},{"@type":"WebSite","@id":"https:\/\/gcuzhethz.ch\/#website","url":"https:\/\/gcuzhethz.ch\/","name":"Golfclub UZH &amp; ETHZ","description":"Golfclub der Universit\u00e4t Z\u00fcrich und ETH Z\u00fcrich","publisher":{"@id":"https:\/\/gcuzhethz.ch\/#organization"},"alternateName":"Golfclub UZH und ETHZ","potentialAction":[{"@type":"SearchAction","target":{"@type":"EntryPoint","urlTemplate":"https:\/\/gcuzhethz.ch\/?s={search_term_string}"},"query-input":{"@type":"PropertyValueSpecification","valueRequired":true,"valueName":"search_term_string"}}],"inLanguage":"en-GB"},{"@type":"Organization","@id":"https:\/\/gcuzhethz.ch\/#organization","name":"Golfclub UZH &amp; ETHZ","alternateName":"Golfclub UZH und ETHZ","url":"https:\/\/gcuzhethz.ch\/","logo":{"@type":"ImageObject","inLanguage":"en-GB","@id":"https:\/\/gcuzhethz.ch\/#\/schema\/logo\/image\/","url":"https:\/\/gcuzhethz.ch\/wp-content\/uploads\/cropped-Logo_header-2.png","contentUrl":"https:\/\/gcuzhethz.ch\/wp-content\/uploads\/cropped-Logo_header-2.png","width":240,"height":96,"caption":"Golfclub UZH &amp; ETHZ"},"image":{"@id":"https:\/\/gcuzhethz.ch\/#\/schema\/logo\/image\/"},"sameAs":["https:\/\/www.facebook.com\/groups\/22892818878\/","https:\/\/www.instagram.com\/golfclubuzhethz\/"]}]}},"_links":{"self":[{"href":"https:\/\/gcuzhethz.ch\/en\/wp-json\/wp\/v2\/pages\/2707","targetHints":{"allow":["GET"]}}],"collection":[{"href":"https:\/\/gcuzhethz.ch\/en\/wp-json\/wp\/v2\/pages"}],"about":[{"href":"https:\/\/gcuzhethz.ch\/en\/wp-json\/wp\/v2\/types\/page"}],"author":[{"embeddable":true,"href":"https:\/\/gcuzhethz.ch\/en\/wp-json\/wp\/v2\/users\/1"}],"replies":[{"embeddable":true,"href":"https:\/\/gcuzhethz.ch\/en\/wp-json\/wp\/v2\/comments?post=2707"}],"version-history":[{"count":87,"href":"https:\/\/gcuzhethz.ch\/en\/wp-json\/wp\/v2\/pages\/2707\/revisions"}],"predecessor-version":[{"id":5331,"href":"https:\/\/gcuzhethz.ch\/en\/wp-json\/wp\/v2\/pages\/2707\/revisions\/5331"}],"wp:attachment":[{"href":"https:\/\/gcuzhethz.ch\/en\/wp-json\/wp\/v2\/media?parent=2707"}],"curies":[{"name":"wp","href":"https:\/\/api.w.org\/{rel}","templated":true}]}}