{"id":203,"date":"2011-09-14T09:45:02","date_gmt":"2011-09-14T07:45:02","guid":{"rendered":"http:\/\/192.168.9.29\/Development\/TB\/?page_id=203"},"modified":"2026-02-24T19:10:07","modified_gmt":"2026-02-24T18:10:07","slug":"main-page","status":"publish","type":"page","link":"https:\/\/gcuzhethz.ch\/en\/","title":{"rendered":"The Club"},"content":{"rendered":"<p>The Golf Club University &amp; ETH Zurich is an association for all golf enthusiasts within the universities. The club currently has about 140 members and organizes approximately 15 events a year, from a beginner Tiger &amp; Rabbit tournament and our night-golfing to season matchplays. Furthermore we play the \u00abLZ Cup\u00bb against the universities of Lausanne and the Ryder Cup against the HSG every year. We also have relaxed group trainings every two weeks. You can find all events in the <a href=\"\/en\/events\/\">events-tab<\/a> .<\/p>\n\n\n\n<p>Since 2021, we have worked together with ASVZ as a member organisation to offer newcomers the possibility of getting to know the sport. <\/p>\n\n\n\n<p>The aim of the association is that personal contacts between golfers are made and maintained. The membership fee is 50 CHF per year for students and 100 CHF per year for alumnis. Join the club via our <a href=\"\/en\/anmeldung\/\">registration form<\/a>.<\/p>\n\n\n\n<p><strong>Not yet a golfer?<\/strong> Are you interested in golfing, but haven't tried it yet? Then take a look at the <a href=\"http:\/\/asvz.ch\/sport\/45660-golf\" target=\"_blank\" rel=\"noreferrer noopener\">golf offerings of ASVZ<\/a> , from the first hits to your handicap! Here you can try the sport in a friendly environment with trainers your age.<\/p>\n\n\n\n<h2 class=\"wp-block-heading\">Current news<\/h2>\n\n\n<ul class=\"display-posts-listing\"><li class=\"listing-item\"><a class=\"title\" href=\"https:\/\/gcuzhethz.ch\/en\/generalversammlung-2025-neuer-vorstand-und-statutenaenderungen\/\">General Assembly 2025 - New Board members and change of our statutes<\/a> <span class=\"date\">- November 2025<\/span> <span class=\"excerpt-dash\">-<\/span> <span class=\"excerpt\">This year's general assembly took place on November 8th at the Restaurant The Grain in Zurich.  Beforehand, some of the participants played Blacklight-Minigolf in Winterhur... <a href=\"https:\/\/gcuzhethz.ch\/en\/generalversammlung-2025-neuer-vorstand-und-statutenaenderungen\/\" class=\"more-link\">Continue reading<span class=\"screen-reader-text\"> \"Generalversammlung 2025 &#8211; neuer Vorstand und Statuten\u00e4nderungen\"<\/span><\/a><\/span><\/li><li class=\"listing-item\"><a class=\"title\" href=\"https:\/\/gcuzhethz.ch\/en\/ryder-cup-2025-erneute-titelverteidigung\/\">Ryder Cup 2025 \u2013 Defending the title once again<\/a> <span class=\"date\">- October 2025<\/span> <span class=\"excerpt-dash\">-<\/span> <span class=\"excerpt\">At this year's Ryder Cup against HSG, we defended our title for the second year in a row! On the beautiful golf course at the Schloss Langenstein Country Club, we took a 7:1 lead ... <a href=\"https:\/\/gcuzhethz.ch\/en\/ryder-cup-2025-erneute-titelverteidigung\/\" class=\"more-link\">Continue reading<span class=\"screen-reader-text\"> \"Ryder Cup 2025 &#8211; Erneute Titelverteidigung\"<\/span><\/a><\/span><\/li><li class=\"listing-item\"><a class=\"title\" href=\"https:\/\/gcuzhethz.ch\/en\/ozapft-is-season-end-2025\/\">O&#8217;zapft is! Season End 2025<\/a> <span class=\"date\">- October 2025<\/span> <span class=\"excerpt-dash\">-<\/span> <span class=\"excerpt\">This year, we were able to hold a wonderful season-end scramble in Oktoberfest style! Despite the rain, we had a wonderful round and lots of fun at the Golf club Limpachtal. We would like to express our sincere thanks to ... <a href=\"https:\/\/gcuzhethz.ch\/en\/ozapft-is-season-end-2025\/\" class=\"more-link\">Continue reading<span class=\"screen-reader-text\"> \"O&#8217;zapft is! Season End 2025\"<\/span><\/a><\/span><\/li><li class=\"listing-item\"><a class=\"title\" href=\"https:\/\/gcuzhethz.ch\/en\/golfreise-2025-kitzbuehel\/\">Golf trip 2025 - Kitzb\u00fchel<\/a> <span class=\"date\">- September 2025<\/span> <span class=\"excerpt-dash\">-<\/span> <span class=\"excerpt\">This year, our golf trip took us to the Alpine country of Austria. With a group of 20 people, we played at the Innsbruck-Igls, Kitzb\u00fchel Schwarzsee-Reith and Eichenheim golf courses. With many ... <a href=\"https:\/\/gcuzhethz.ch\/en\/golfreise-2025-kitzbuehel\/\" class=\"more-link\">Continue reading<span class=\"screen-reader-text\"> \"Golfreise 2025 &#8211; Kitzb\u00fchel\"<\/span><\/a><\/span><\/li><li class=\"listing-item\"><a class=\"title\" href=\"https:\/\/gcuzhethz.ch\/en\/lz-cup-2025-wiedereroberung\/\">LZ Cup 2025 \u2013 Recapture<\/a> <span class=\"date\">- May 2025<\/span> <span class=\"excerpt-dash\">-<\/span> <span class=\"excerpt\">At the 2025 LZ Cup against EHL, EPFL and the University of Lausanne, our team was able to reclaim the trophy this year on the beautiful Steisslingen golf course! We thank the opposing Teams ... <a href=\"https:\/\/gcuzhethz.ch\/en\/lz-cup-2025-wiedereroberung\/\" class=\"more-link\">Continue reading<span class=\"screen-reader-text\"> \"LZ Cup 2025 &#8211; Wiedereroberung\"<\/span><\/a><\/span><\/li><\/ul>\n\n\n\n<p>You can find all News <a href=\"\/en\/neuigkeiten\/\">here<\/a> .<\/p>\n\n\n\n<h2 class=\"wp-block-heading\">Statutes<\/h2>\n\n\n\n<p>You can find the statutes of our club here:<\/p>\n\n\n\n<div class=\"wp-block-file\"><a href=\"https:\/\/6602gawxpf.preview.infomaniak.website\/wp-content\/uploads\/Statuten2025.pdf\" class=\"wp-block-file__button wp-element-button\" download>Statutes (updated 08th November 2025)<\/a><\/div>\n\n\n\n<p><\/p>","protected":false},"excerpt":{"rendered":"<p>Der Golfclub Universit\u00e4t &amp; ETH Z\u00fcrich ist ein Verein f\u00fcr alle Golfsportbegeisterten der Z\u00fcrcher Hochschulen. Zurzeit umfasst der Club etwa 140 Mitglieder und veranstaltet ca. 15 Events im Jahr, von &hellip; <a href=\"https:\/\/gcuzhethz.ch\/en\/lz-cup-2025-wiedereroberung\/\" class=\"more-link\">Continue reading<span class=\"screen-reader-text\"> &#8222;LZ Cup 2025 &#8211; Wiedereroberung&#8220;<\/span><\/a><\/p>","protected":false},"author":1,"featured_media":0,"parent":0,"menu_order":0,"comment_status":"closed","ping_status":"closed","template":"","meta":{"footnotes":""},"class_list":["post-203","page","type-page","status-publish","hentry"],"yoast_head":"<!-- This site is optimized with the Yoast SEO plugin v26.4 - https:\/\/yoast.com\/wordpress\/plugins\/seo\/ -->\n<title>Golfclub UZH &amp; ETHZ<\/title>\n<meta name=\"description\" content=\"Der Golfclub UZH &amp; ETHZ ist eine Plattform f\u00fcr alle Golfsportbegeisterten der Z\u00fcrcher Hochschulen. Melde dich jetzt an und nehme an spannenden Events Teil!\" \/>\n<meta name=\"robots\" content=\"index, follow, max-snippet:-1, max-image-preview:large, max-video-preview:-1\" \/>\n<link rel=\"canonical\" href=\"https:\/\/gcuzhethz.ch\/en\/\" \/>\n<meta property=\"og:locale\" content=\"en_GB\" \/>\n<meta property=\"og:type\" content=\"article\" \/>\n<meta property=\"og:title\" content=\"Golfclub UZH &amp; ETHZ\" \/>\n<meta property=\"og:description\" content=\"Der Golfclub UZH &amp; ETHZ ist eine Plattform f\u00fcr alle Golfsportbegeisterten der Z\u00fcrcher Hochschulen. Melde dich jetzt an und nehme an spannenden Events Teil!\" \/>\n<meta property=\"og:url\" content=\"https:\/\/gcuzhethz.ch\/en\/\" \/>\n<meta property=\"og:site_name\" content=\"Golfclub UZH &amp; ETHZ\" \/>\n<meta property=\"article:publisher\" content=\"https:\/\/www.facebook.com\/groups\/22892818878\/\" \/>\n<meta property=\"article:modified_time\" content=\"2026-02-24T18:10:07+00:00\" \/>\n<meta property=\"og:image\" content=\"https:\/\/gcuzhethz.ch\/wp-content\/uploads\/Logo_1200x675.png\" \/>\n\t<meta property=\"og:image:width\" content=\"1200\" \/>\n\t<meta property=\"og:image:height\" content=\"675\" \/>\n\t<meta property=\"og:image:type\" content=\"image\/png\" \/>\n<meta name=\"twitter:card\" content=\"summary_large_image\" \/>\n<meta name=\"twitter:label1\" content=\"Estimated reading time\" \/>\n\t<meta name=\"twitter:data1\" content=\"2 minutes\" \/>\n<script type=\"application\/ld+json\" class=\"yoast-schema-graph\">{\"@context\":\"https:\/\/schema.org\",\"@graph\":[{\"@type\":\"WebPage\",\"@id\":\"https:\/\/gcuzhethz.ch\/\",\"url\":\"https:\/\/gcuzhethz.ch\/\",\"name\":\"Golfclub UZH &amp; ETHZ\",\"isPartOf\":{\"@id\":\"https:\/\/gcuzhethz.ch\/#website\"},\"datePublished\":\"2011-09-14T07:45:02+00:00\",\"dateModified\":\"2026-02-24T18:10:07+00:00\",\"description\":\"Der Golfclub UZH & ETHZ ist eine Plattform f\u00fcr alle Golfsportbegeisterten der Z\u00fcrcher Hochschulen. Melde dich jetzt an und nehme an spannenden Events Teil!\",\"breadcrumb\":{\"@id\":\"https:\/\/gcuzhethz.ch\/#breadcrumb\"},\"inLanguage\":\"en-GB\",\"potentialAction\":[{\"@type\":\"ReadAction\",\"target\":[\"https:\/\/gcuzhethz.ch\/\"]}]},{\"@type\":\"BreadcrumbList\",\"@id\":\"https:\/\/gcuzhethz.ch\/#breadcrumb\",\"itemListElement\":[{\"@type\":\"ListItem\",\"position\":1,\"name\":\"Startseite\",\"item\":\"https:\/\/gcuzhethz.ch\/\"},{\"@type\":\"ListItem\",\"position\":2,\"name\":\"Der Verein\"}]},{\"@type\":\"WebSite\",\"@id\":\"https:\/\/gcuzhethz.ch\/#website\",\"url\":\"https:\/\/gcuzhethz.ch\/\",\"name\":\"Golfclub UZH &amp; ETHZ\",\"description\":\"Golfclub der Universit\u00e4t Z\u00fcrich und ETH Z\u00fcrich\",\"publisher\":{\"@id\":\"https:\/\/gcuzhethz.ch\/#organization\"},\"alternateName\":\"Golfclub UZH und ETHZ\",\"potentialAction\":[{\"@type\":\"SearchAction\",\"target\":{\"@type\":\"EntryPoint\",\"urlTemplate\":\"https:\/\/gcuzhethz.ch\/?s={search_term_string}\"},\"query-input\":{\"@type\":\"PropertyValueSpecification\",\"valueRequired\":true,\"valueName\":\"search_term_string\"}}],\"inLanguage\":\"en-GB\"},{\"@type\":\"Organization\",\"@id\":\"https:\/\/gcuzhethz.ch\/#organization\",\"name\":\"Golfclub UZH &amp; ETHZ\",\"alternateName\":\"Golfclub UZH und ETHZ\",\"url\":\"https:\/\/gcuzhethz.ch\/\",\"logo\":{\"@type\":\"ImageObject\",\"inLanguage\":\"en-GB\",\"@id\":\"https:\/\/gcuzhethz.ch\/#\/schema\/logo\/image\/\",\"url\":\"https:\/\/gcuzhethz.ch\/wp-content\/uploads\/cropped-Logo_header-2.png\",\"contentUrl\":\"https:\/\/gcuzhethz.ch\/wp-content\/uploads\/cropped-Logo_header-2.png\",\"width\":240,\"height\":96,\"caption\":\"Golfclub UZH &amp; ETHZ\"},\"image\":{\"@id\":\"https:\/\/gcuzhethz.ch\/#\/schema\/logo\/image\/\"},\"sameAs\":[\"https:\/\/www.facebook.com\/groups\/22892818878\/\",\"https:\/\/www.instagram.com\/golfclubuzhethz\/\"]}]}<\/script>\n<!-- \/ Yoast SEO plugin. -->","yoast_head_json":{"title":"Golfclub UZH &amp; ETHZ","description":"Der Golfclub UZH & ETHZ ist eine Plattform f\u00fcr alle Golfsportbegeisterten der Z\u00fcrcher Hochschulen. Melde dich jetzt an und nehme an spannenden Events Teil!","robots":{"index":"index","follow":"follow","max-snippet":"max-snippet:-1","max-image-preview":"max-image-preview:large","max-video-preview":"max-video-preview:-1"},"canonical":"https:\/\/gcuzhethz.ch\/en\/","og_locale":"en_GB","og_type":"article","og_title":"Golfclub UZH &amp; ETHZ","og_description":"Der Golfclub UZH & ETHZ ist eine Plattform f\u00fcr alle Golfsportbegeisterten der Z\u00fcrcher Hochschulen. Melde dich jetzt an und nehme an spannenden Events Teil!","og_url":"https:\/\/gcuzhethz.ch\/en\/","og_site_name":"Golfclub UZH &amp; ETHZ","article_publisher":"https:\/\/www.facebook.com\/groups\/22892818878\/","article_modified_time":"2026-02-24T18:10:07+00:00","og_image":[{"width":1200,"height":675,"url":"https:\/\/gcuzhethz.ch\/wp-content\/uploads\/Logo_1200x675.png","type":"image\/png"}],"twitter_card":"summary_large_image","twitter_misc":{"Estimated reading time":"2 minutes"},"schema":{"@context":"https:\/\/schema.org","@graph":[{"@type":"WebPage","@id":"https:\/\/gcuzhethz.ch\/","url":"https:\/\/gcuzhethz.ch\/","name":"Golfclub UZH &amp; ETHZ","isPartOf":{"@id":"https:\/\/gcuzhethz.ch\/#website"},"datePublished":"2011-09-14T07:45:02+00:00","dateModified":"2026-02-24T18:10:07+00:00","description":"Der Golfclub UZH & ETHZ ist eine Plattform f\u00fcr alle Golfsportbegeisterten der Z\u00fcrcher Hochschulen. Melde dich jetzt an und nehme an spannenden Events Teil!","breadcrumb":{"@id":"https:\/\/gcuzhethz.ch\/#breadcrumb"},"inLanguage":"en-GB","potentialAction":[{"@type":"ReadAction","target":["https:\/\/gcuzhethz.ch\/"]}]},{"@type":"BreadcrumbList","@id":"https:\/\/gcuzhethz.ch\/#breadcrumb","itemListElement":[{"@type":"ListItem","position":1,"name":"Startseite","item":"https:\/\/gcuzhethz.ch\/"},{"@type":"ListItem","position":2,"name":"Der Verein"}]},{"@type":"WebSite","@id":"https:\/\/gcuzhethz.ch\/#website","url":"https:\/\/gcuzhethz.ch\/","name":"Golfclub UZH &amp; ETHZ","description":"Golfclub der Universit\u00e4t Z\u00fcrich und ETH Z\u00fcrich","publisher":{"@id":"https:\/\/gcuzhethz.ch\/#organization"},"alternateName":"Golfclub UZH und ETHZ","potentialAction":[{"@type":"SearchAction","target":{"@type":"EntryPoint","urlTemplate":"https:\/\/gcuzhethz.ch\/?s={search_term_string}"},"query-input":{"@type":"PropertyValueSpecification","valueRequired":true,"valueName":"search_term_string"}}],"inLanguage":"en-GB"},{"@type":"Organization","@id":"https:\/\/gcuzhethz.ch\/#organization","name":"Golfclub UZH &amp; ETHZ","alternateName":"Golfclub UZH und ETHZ","url":"https:\/\/gcuzhethz.ch\/","logo":{"@type":"ImageObject","inLanguage":"en-GB","@id":"https:\/\/gcuzhethz.ch\/#\/schema\/logo\/image\/","url":"https:\/\/gcuzhethz.ch\/wp-content\/uploads\/cropped-Logo_header-2.png","contentUrl":"https:\/\/gcuzhethz.ch\/wp-content\/uploads\/cropped-Logo_header-2.png","width":240,"height":96,"caption":"Golfclub UZH &amp; ETHZ"},"image":{"@id":"https:\/\/gcuzhethz.ch\/#\/schema\/logo\/image\/"},"sameAs":["https:\/\/www.facebook.com\/groups\/22892818878\/","https:\/\/www.instagram.com\/golfclubuzhethz\/"]}]}},"_links":{"self":[{"href":"https:\/\/gcuzhethz.ch\/en\/wp-json\/wp\/v2\/pages\/203","targetHints":{"allow":["GET"]}}],"collection":[{"href":"https:\/\/gcuzhethz.ch\/en\/wp-json\/wp\/v2\/pages"}],"about":[{"href":"https:\/\/gcuzhethz.ch\/en\/wp-json\/wp\/v2\/types\/page"}],"author":[{"embeddable":true,"href":"https:\/\/gcuzhethz.ch\/en\/wp-json\/wp\/v2\/users\/1"}],"replies":[{"embeddable":true,"href":"https:\/\/gcuzhethz.ch\/en\/wp-json\/wp\/v2\/comments?post=203"}],"version-history":[{"count":71,"href":"https:\/\/gcuzhethz.ch\/en\/wp-json\/wp\/v2\/pages\/203\/revisions"}],"predecessor-version":[{"id":5780,"href":"https:\/\/gcuzhethz.ch\/en\/wp-json\/wp\/v2\/pages\/203\/revisions\/5780"}],"wp:attachment":[{"href":"https:\/\/gcuzhethz.ch\/en\/wp-json\/wp\/v2\/media?parent=203"}],"curies":[{"name":"wp","href":"https:\/\/api.w.org\/{rel}","templated":true}]}}